{"id":152,"date":"2017-08-23T11:11:30","date_gmt":"2017-08-23T11:11:30","guid":{"rendered":"http:\/\/garciavillullas.com\/?page_id=152"},"modified":"2017-10-21T16:49:17","modified_gmt":"2017-10-21T16:49:17","slug":"hogar","status":"publish","type":"page","link":"https:\/\/garciavillullas.com\/?page_id=152","title":{"rendered":"Comunidades"},"content":{"rendered":"<p><img loading=\"lazy\" decoding=\"async\" class=\"wp-image-350 aligncenter\" src=\"https:\/\/garciavillullas.com\/wp-content\/uploads\/2017\/10\/Comunidades.jpg\" alt=\"Comunidades\" width=\"464\" height=\"287\" srcset=\"https:\/\/garciavillullas.com\/wp-content\/uploads\/2017\/10\/Comunidades.jpg 849w, https:\/\/garciavillullas.com\/wp-content\/uploads\/2017\/10\/Comunidades-300x186.jpg 300w, https:\/\/garciavillullas.com\/wp-content\/uploads\/2017\/10\/Comunidades-768x475.jpg 768w\" sizes=\"auto, (max-width: 464px) 100vw, 464px\" \/><\/p>\n<h2 style=\"text-align: center;\"><strong>COMUNIDADES<\/strong><\/h2>\n<p>Es un seguro orientado a proteger el inmueble y el patrimonio de sus propietarios frente a posibles contingencias tales como un incendio, un escape en las conducciones de agua, da\u00f1os a terceros, etc.<\/p>\n<p>Existen dos modalidades en este seguro:<\/p>\n<ul>\n<li><strong>Comunidad de propietarios: <\/strong>asegura el edificio o conjunto de edificios sujetos a la normativa de propiedad horizontal.<\/li>\n<li><strong>Propietario de edificios: <\/strong>asegura al propietario \u00fanico (persona f\u00edsica o jur\u00eddica) del edificio o conjunto de edificios objeto del seguro.<\/li>\n<\/ul>\n<p>Las garant\u00edas objeto de contrataci\u00f3n se configuran en su mayor\u00eda bajo un formato de contrataci\u00f3n opcional, dotando as\u00ed al producto de la m\u00e1xima flexibilidad posible, a fin de que el cliente pueda configurar la p\u00f3liza en la forma que mejor se ajuste a sus necesidades.<\/p>\n<p><strong>Coberturas EST\u00c1NDAR<\/strong><\/p>\n<ul>\n<li>Incendio y otros da\u00f1os<\/li>\n<li>Responsabilidad civil<\/li>\n<\/ul>\n<p><strong>Coberturas OPCIONALES<\/strong><\/p>\n<ul>\n<li>Fen\u00f3menos atmosf\u00e9ricos, Da\u00f1os el\u00e9ctricos, Da\u00f1os por agua, Atascos conducciones generales, Roturas, Robo, Da\u00f1os est\u00e9ticos, Asistencia al edificio, Defensa Jur\u00eddica, Aver\u00eda de Maquinaria, Reconstrucci\u00f3n de jardines, Accidentes empleados del edificio y Veh\u00edculos en garaje.<\/li>\n<\/ul>\n<p>Cons\u00faltanos<br \/>\n\n<div class=\"wpcf7 no-js\" id=\"wpcf7-f6-o1\" lang=\"es-ES\" dir=\"ltr\" data-wpcf7-id=\"6\">\n<div class=\"screen-reader-response\"><p role=\"status\" aria-live=\"polite\" aria-atomic=\"true\"><\/p> <ul><\/ul><\/div>\n<form action=\"\/index.php?rest_route=%2Fwp%2Fv2%2Fpages%2F152#wpcf7-f6-o1\" method=\"post\" class=\"wpcf7-form init\" aria-label=\"Formulario de contacto\" novalidate=\"novalidate\" data-status=\"init\">\n<fieldset class=\"hidden-fields-container\"><input type=\"hidden\" name=\"_wpcf7\" value=\"6\" \/><input type=\"hidden\" name=\"_wpcf7_version\" value=\"6.1.5\" \/><input type=\"hidden\" name=\"_wpcf7_locale\" value=\"es_ES\" \/><input type=\"hidden\" name=\"_wpcf7_unit_tag\" value=\"wpcf7-f6-o1\" \/><input type=\"hidden\" name=\"_wpcf7_container_post\" value=\"0\" \/><input type=\"hidden\" name=\"_wpcf7_posted_data_hash\" value=\"\" \/><input type=\"hidden\" name=\"_wpcf7_recaptcha_response\" value=\"\" \/>\n<\/fieldset>\n<p><label> Nombre (requerido)<br \/>\n<span class=\"wpcf7-form-control-wrap\" data-name=\"your-name\"><input size=\"40\" maxlength=\"400\" class=\"wpcf7-form-control wpcf7-text wpcf7-validates-as-required\" aria-required=\"true\" aria-invalid=\"false\" value=\"\" type=\"text\" name=\"your-name\" \/><\/span> <\/label>\n<\/p>\n<p><label> Tu correo electr\u00f3nico (requerido)<br \/>\n<span class=\"wpcf7-form-control-wrap\" data-name=\"your-email\"><input size=\"40\" maxlength=\"400\" class=\"wpcf7-form-control wpcf7-email wpcf7-validates-as-required wpcf7-text wpcf7-validates-as-email\" aria-required=\"true\" aria-invalid=\"false\" value=\"\" type=\"email\" name=\"your-email\" \/><\/span> <\/label>\n<\/p>\n<p><label> Mensaje<br \/>\n<span class=\"wpcf7-form-control-wrap\" data-name=\"your-message\"><textarea cols=\"40\" rows=\"10\" maxlength=\"2000\" class=\"wpcf7-form-control wpcf7-textarea\" aria-invalid=\"false\" name=\"your-message\"><\/textarea><\/span> <\/label>\n<\/p>\n<p><input class=\"wpcf7-form-control wpcf7-submit has-spinner\" type=\"submit\" value=\"Enviar\" \/>\n<\/p>\n<p style=\"display: none !important;\" class=\"akismet-fields-container\" data-prefix=\"_wpcf7_ak_\"><label>&#916;<textarea name=\"_wpcf7_ak_hp_textarea\" cols=\"45\" rows=\"8\" maxlength=\"100\"><\/textarea><\/label><input type=\"hidden\" id=\"ak_js_1\" name=\"_wpcf7_ak_js\" value=\"88\"\/><script>document.getElementById( \"ak_js_1\" ).setAttribute( \"value\", ( new Date() ).getTime() );<\/script><\/p><div class=\"wpcf7-response-output\" aria-hidden=\"true\"><\/div>\n<\/form>\n<\/div>\n\n","protected":false},"excerpt":{"rendered":"<p>COMUNIDADES Es un seguro orientado a proteger el inmueble y el patrimonio de sus propietarios frente a posibles contingencias tales como un incendio, un escape en las conducciones de agua, da\u00f1os a terceros, etc. Existen dos modalidades en este seguro: Comunidad de propietarios: asegura el edificio o conjunto de edificios sujetos a la normativa de [&hellip;]<\/p>\n","protected":false},"author":1,"featured_media":0,"parent":0,"menu_order":0,"comment_status":"closed","ping_status":"closed","template":"fullwidth.php","meta":{"footnotes":""},"class_list":["post-152","page","type-page","status-publish","hentry"],"_links":{"self":[{"href":"https:\/\/garciavillullas.com\/index.php?rest_route=\/wp\/v2\/pages\/152","targetHints":{"allow":["GET"]}}],"collection":[{"href":"https:\/\/garciavillullas.com\/index.php?rest_route=\/wp\/v2\/pages"}],"about":[{"href":"https:\/\/garciavillullas.com\/index.php?rest_route=\/wp\/v2\/types\/page"}],"author":[{"embeddable":true,"href":"https:\/\/garciavillullas.com\/index.php?rest_route=\/wp\/v2\/users\/1"}],"replies":[{"embeddable":true,"href":"https:\/\/garciavillullas.com\/index.php?rest_route=%2Fwp%2Fv2%2Fcomments&post=152"}],"version-history":[{"count":8,"href":"https:\/\/garciavillullas.com\/index.php?rest_route=\/wp\/v2\/pages\/152\/revisions"}],"predecessor-version":[{"id":502,"href":"https:\/\/garciavillullas.com\/index.php?rest_route=\/wp\/v2\/pages\/152\/revisions\/502"}],"wp:attachment":[{"href":"https:\/\/garciavillullas.com\/index.php?rest_route=%2Fwp%2Fv2%2Fmedia&parent=152"}],"curies":[{"name":"wp","href":"https:\/\/api.w.org\/{rel}","templated":true}]}}