{"id":157,"date":"2017-08-23T11:12:35","date_gmt":"2017-08-23T11:12:35","guid":{"rendered":"http:\/\/garciavillullas.com\/?page_id=157"},"modified":"2017-10-21T16:51:22","modified_gmt":"2017-10-21T16:51:22","slug":"cazadorpescador","status":"publish","type":"page","link":"https:\/\/garciavillullas.com\/?page_id=157","title":{"rendered":"Cazador\/Pescador"},"content":{"rendered":"<p><img loading=\"lazy\" decoding=\"async\" class=\"wp-image-355 aligncenter\" src=\"https:\/\/garciavillullas.com\/wp-content\/uploads\/2017\/08\/R.C.-Cazador-Pescador.jpg\" alt=\"R.C. Cazador - Pescador\" width=\"560\" height=\"210\" srcset=\"https:\/\/garciavillullas.com\/wp-content\/uploads\/2017\/08\/R.C.-Cazador-Pescador.jpg 600w, https:\/\/garciavillullas.com\/wp-content\/uploads\/2017\/08\/R.C.-Cazador-Pescador-300x113.jpg 300w\" sizes=\"auto, (max-width: 560px) 100vw, 560px\" \/><\/p>\n<h1 style=\"text-align: center;\"><strong>R.C. Cazador\/Pescador<\/strong><\/h1>\n<p>&nbsp;<\/p>\n<p>Estos seguros tienen por objeto proteger a cazadores y pescadores durante la pr\u00e1ctica de estas actividades. Conlleva la prestaci\u00f3n de indemnizaciones derivadas de la Responsabilidad civil en que pueda incurrir el asegurado a consecuencia del ejercicio de la caza y la pesca deportiva con ca\u00f1a.<\/p>\n<p>El seguro de RC para el cazador es obligatorio (R.D. 63\/1994) en todo el territorio nacional, mientras que para pescadores este seguro es voluntario salvo en Andaluc\u00eda, Catalu\u00f1a y la Regi\u00f3n de Murcia.<\/p>\n<p>Todas las p\u00f3lizas, con independencia de su fecha de efecto, tienen como fecha de renovaci\u00f3n el 15 de Junio. Salvo en la Comunidad Aut\u00f3noma de Galicia, cuya renovaci\u00f3n se realiza el 15 de Septiembre.<\/p>\n<p><strong>Coberturas OBLIGATORIAS<\/strong><\/p>\n<ul>\n<li>Responsabilidad civil cazador<\/li>\n<li>Responsabilidad civil pescador (solo en determinadas CCAA)<\/li>\n<\/ul>\n<p><strong>Coberturas OPCIONALES<\/strong><\/p>\n<ul>\n<li>Ampliaci\u00f3n RC del cazador<\/li>\n<li>RC para pesca deportiva con ca\u00f1a<\/li>\n<li>Accidentes personales<\/li>\n<li>Defensa jur\u00eddica<\/li>\n<li>P\u00e9rdida del arma<\/li>\n<\/ul>\n<p>Cons\u00faltanos<br \/>\n\n<div class=\"wpcf7 no-js\" id=\"wpcf7-f6-o1\" lang=\"es-ES\" dir=\"ltr\" data-wpcf7-id=\"6\">\n<div class=\"screen-reader-response\"><p role=\"status\" aria-live=\"polite\" aria-atomic=\"true\"><\/p> <ul><\/ul><\/div>\n<form action=\"\/index.php?rest_route=%2Fwp%2Fv2%2Fpages%2F157#wpcf7-f6-o1\" method=\"post\" class=\"wpcf7-form init\" aria-label=\"Formulario de contacto\" novalidate=\"novalidate\" data-status=\"init\">\n<fieldset class=\"hidden-fields-container\"><input type=\"hidden\" name=\"_wpcf7\" value=\"6\" \/><input type=\"hidden\" name=\"_wpcf7_version\" value=\"6.1.5\" \/><input type=\"hidden\" name=\"_wpcf7_locale\" value=\"es_ES\" \/><input type=\"hidden\" name=\"_wpcf7_unit_tag\" value=\"wpcf7-f6-o1\" \/><input type=\"hidden\" name=\"_wpcf7_container_post\" value=\"0\" \/><input type=\"hidden\" name=\"_wpcf7_posted_data_hash\" value=\"\" \/><input type=\"hidden\" name=\"_wpcf7_recaptcha_response\" value=\"\" \/>\n<\/fieldset>\n<p><label> Nombre (requerido)<br \/>\n<span class=\"wpcf7-form-control-wrap\" data-name=\"your-name\"><input size=\"40\" maxlength=\"400\" class=\"wpcf7-form-control wpcf7-text wpcf7-validates-as-required\" aria-required=\"true\" aria-invalid=\"false\" value=\"\" type=\"text\" name=\"your-name\" \/><\/span> <\/label>\n<\/p>\n<p><label> Tu correo electr\u00f3nico (requerido)<br \/>\n<span class=\"wpcf7-form-control-wrap\" data-name=\"your-email\"><input size=\"40\" maxlength=\"400\" class=\"wpcf7-form-control wpcf7-email wpcf7-validates-as-required wpcf7-text wpcf7-validates-as-email\" aria-required=\"true\" aria-invalid=\"false\" value=\"\" type=\"email\" name=\"your-email\" \/><\/span> <\/label>\n<\/p>\n<p><label> Mensaje<br \/>\n<span class=\"wpcf7-form-control-wrap\" data-name=\"your-message\"><textarea cols=\"40\" rows=\"10\" maxlength=\"2000\" class=\"wpcf7-form-control wpcf7-textarea\" aria-invalid=\"false\" name=\"your-message\"><\/textarea><\/span> <\/label>\n<\/p>\n<p><input class=\"wpcf7-form-control wpcf7-submit has-spinner\" type=\"submit\" value=\"Enviar\" \/>\n<\/p>\n<p style=\"display: none !important;\" class=\"akismet-fields-container\" data-prefix=\"_wpcf7_ak_\"><label>&#916;<textarea name=\"_wpcf7_ak_hp_textarea\" cols=\"45\" rows=\"8\" maxlength=\"100\"><\/textarea><\/label><input type=\"hidden\" id=\"ak_js_1\" name=\"_wpcf7_ak_js\" value=\"1\"\/><script type=\"text\/javascript\">\n\/* <![CDATA[ *\/\ndocument.getElementById( \"ak_js_1\" ).setAttribute( \"value\", ( new Date() ).getTime() );\n\/* ]]> *\/\n<\/script>\n<\/p><div class=\"wpcf7-response-output\" aria-hidden=\"true\"><\/div>\n<\/form>\n<\/div>\n\n","protected":false},"excerpt":{"rendered":"<p>R.C. Cazador\/Pescador &nbsp; Estos seguros tienen por objeto proteger a cazadores y pescadores durante la pr\u00e1ctica de estas actividades. Conlleva la prestaci\u00f3n de indemnizaciones derivadas de la Responsabilidad civil en que pueda incurrir el asegurado a consecuencia del ejercicio de la caza y la pesca deportiva con ca\u00f1a. El seguro de RC para el cazador [&hellip;]<\/p>\n","protected":false},"author":1,"featured_media":0,"parent":0,"menu_order":0,"comment_status":"closed","ping_status":"closed","template":"fullwidth.php","meta":{"footnotes":""},"class_list":["post-157","page","type-page","status-publish","hentry"],"_links":{"self":[{"href":"https:\/\/garciavillullas.com\/index.php?rest_route=\/wp\/v2\/pages\/157","targetHints":{"allow":["GET"]}}],"collection":[{"href":"https:\/\/garciavillullas.com\/index.php?rest_route=\/wp\/v2\/pages"}],"about":[{"href":"https:\/\/garciavillullas.com\/index.php?rest_route=\/wp\/v2\/types\/page"}],"author":[{"embeddable":true,"href":"https:\/\/garciavillullas.com\/index.php?rest_route=\/wp\/v2\/users\/1"}],"replies":[{"embeddable":true,"href":"https:\/\/garciavillullas.com\/index.php?rest_route=%2Fwp%2Fv2%2Fcomments&post=157"}],"version-history":[{"count":5,"href":"https:\/\/garciavillullas.com\/index.php?rest_route=\/wp\/v2\/pages\/157\/revisions"}],"predecessor-version":[{"id":505,"href":"https:\/\/garciavillullas.com\/index.php?rest_route=\/wp\/v2\/pages\/157\/revisions\/505"}],"wp:attachment":[{"href":"https:\/\/garciavillullas.com\/index.php?rest_route=%2Fwp%2Fv2%2Fmedia&parent=157"}],"curies":[{"name":"wp","href":"https:\/\/api.w.org\/{rel}","templated":true}]}}