{"id":163,"date":"2017-08-23T11:13:07","date_gmt":"2017-08-23T11:13:07","guid":{"rendered":"http:\/\/garciavillullas.com\/?page_id=163"},"modified":"2017-10-21T16:47:54","modified_gmt":"2017-10-21T16:47:54","slug":"autos","status":"publish","type":"page","link":"https:\/\/garciavillullas.com\/?page_id=163","title":{"rendered":"Autos"},"content":{"rendered":"<p><img loading=\"lazy\" decoding=\"async\" class=\"wp-image-344 aligncenter\" src=\"https:\/\/garciavillullas.com\/wp-content\/uploads\/2017\/10\/Seguro-Auto.jpg\" alt=\"Seguro Auto\" width=\"519\" height=\"299\" srcset=\"https:\/\/garciavillullas.com\/wp-content\/uploads\/2017\/10\/Seguro-Auto.jpg 1176w, https:\/\/garciavillullas.com\/wp-content\/uploads\/2017\/10\/Seguro-Auto-300x173.jpg 300w, https:\/\/garciavillullas.com\/wp-content\/uploads\/2017\/10\/Seguro-Auto-768x443.jpg 768w, https:\/\/garciavillullas.com\/wp-content\/uploads\/2017\/10\/Seguro-Auto-1024x590.jpg 1024w\" sizes=\"auto, (max-width: 519px) 100vw, 519px\" \/><\/p>\n<p><strong>\u00bfQu\u00e9 cubre el Seguro de Auto?<\/strong><\/p>\n<p>Con una amplia variedad de coberturas, el Seguro de\u00a0 Auto\u00a0 te protege ante situaciones de riesgo para tu veh\u00edculo, tu vida y la de los tuyos, y cubre las responsabilidades derivadas del asegurado m\u00e1s all\u00e1 de la Responsabilidad Civil Obligatoria <strong>(cubierto el m\u00e1ximo legal)<\/strong>. Por ejemplo:<\/p>\n<ul>\n<li>La reparaci\u00f3n o reposici\u00f3n de los da\u00f1os materiales sufridos por tu veh\u00edculo y sus accesorios o la reposici\u00f3n de los mismos cuando resulten destruidos como consecuencia de la colisi\u00f3n contra otro veh\u00edculo.<\/li>\n<li>Asistencia en viaje ya sea nacional o internacional, 24 horas al d\u00eda y todos los d\u00edas del a\u00f1o a trav\u00e9s de una centralita telef\u00f3nica donde el Asegurado podr\u00e1 solicitar dicha prestaci\u00f3n.<\/li>\n<li>La indemnizaci\u00f3n a un tercero de los da\u00f1os y perjuicios causados cuando sea responsable de los mismos a consecuencia de la conducci\u00f3n de bicicletas (incluso el\u00e9ctricas) y patinetes el\u00e9ctricos (limitada la indemnizaci\u00f3n a 1 mill\u00f3n de euros).<\/li>\n<li>La indemnizaci\u00f3n de un capital en el caso de muerte del conductor autorizado, invalidez f\u00edsica permanente.<\/li>\n<\/ul>\n<p><strong>Definici\u00f3n y resumen de las Coberturas<\/strong><\/p>\n<p>Seg\u00fan la modalidad contratada tendr\u00e1s la tranquilidad de tener cubiertas las siguientes situaciones:<\/p>\n<p><strong>Da\u00f1os Materiales: <\/strong><strong>\u00a0\u00a0\u00a0\u00a0\u00a0\u00a0\u00a0\u00a0\u00a0\u00a0\u00a0\u00a0\u00a0\u00a0\u00a0\u00a0\u00a0\u00a0\u00a0\u00a0\u00a0\u00a0\u00a0\u00a0\u00a0\u00a0\u00a0\u00a0\u00a0\u00a0\u00a0\u00a0\u00a0\u00a0\u00a0\u00a0\u00a0\u00a0\u00a0\u00a0\u00a0\u00a0\u00a0\u00a0\u00a0\u00a0\u00a0\u00a0\u00a0\u00a0\u00a0\u00a0\u00a0\u00a0\u00a0\u00a0\u00a0\u00a0\u00a0\u00a0\u00a0\u00a0\u00a0\u00a0\u00a0\u00a0<\/strong><\/p>\n<ul>\n<li>Reclamaci\u00f3n de da\u00f1os<\/li>\n<li>Robo<\/li>\n<li>Da\u00f1os Propios<\/li>\n<li>Rotura de Cristales<\/li>\n<li>Incendio y Explosi\u00f3n<\/li>\n<li>Fen\u00f3menos de la Naturaleza<\/li>\n<li>Colisi\u00f3n con Animales Cineg\u00e9ticos.<\/li>\n<\/ul>\n<p><strong>Responsabilidad Civil:<\/strong><\/p>\n<ul>\n<li>Responsabilidad Civil Obligatoria<\/li>\n<li>Responsabilidad Civil Complementaria<\/li>\n<\/ul>\n<p><strong>Otros:<\/strong><\/p>\n<ul>\n<li>Indemnizaci\u00f3n de da\u00f1os<\/li>\n<li>Accidentes y da\u00f1os corporales del Conductor<\/li>\n<li>Asistencia a personas y a su veh\u00edculo<\/li>\n<li>Intereses del pr\u00e9stamo para reparaci\u00f3n del veh\u00edculo<\/li>\n<li>Asesoramiento por multas de tr\u00e1fico<\/li>\n<li>Retirada del permiso de conducir y p\u00e9rdida de puntos<\/li>\n<li>Veh\u00edculo Sustituci\u00f3n y Servicios Excelentes.<\/li>\n<\/ul>\n<p>Cons\u00faltanos<br \/>\n\n<div class=\"wpcf7 no-js\" id=\"wpcf7-f6-o1\" lang=\"es-ES\" dir=\"ltr\" data-wpcf7-id=\"6\">\n<div class=\"screen-reader-response\"><p role=\"status\" aria-live=\"polite\" aria-atomic=\"true\"><\/p> <ul><\/ul><\/div>\n<form action=\"\/index.php?rest_route=%2Fwp%2Fv2%2Fpages%2F163#wpcf7-f6-o1\" method=\"post\" class=\"wpcf7-form init\" aria-label=\"Formulario de contacto\" novalidate=\"novalidate\" data-status=\"init\">\n<fieldset class=\"hidden-fields-container\"><input type=\"hidden\" name=\"_wpcf7\" value=\"6\" \/><input type=\"hidden\" name=\"_wpcf7_version\" value=\"6.1.6\" \/><input type=\"hidden\" name=\"_wpcf7_locale\" value=\"es_ES\" \/><input type=\"hidden\" name=\"_wpcf7_unit_tag\" value=\"wpcf7-f6-o1\" \/><input type=\"hidden\" name=\"_wpcf7_container_post\" value=\"0\" \/><input type=\"hidden\" name=\"_wpcf7_posted_data_hash\" value=\"\" \/><input type=\"hidden\" name=\"_wpcf7_recaptcha_response\" value=\"\" \/>\n<\/fieldset>\n<p><label> Nombre (requerido)<br \/>\n<span class=\"wpcf7-form-control-wrap\" data-name=\"your-name\"><input size=\"40\" maxlength=\"400\" class=\"wpcf7-form-control wpcf7-text wpcf7-validates-as-required\" aria-required=\"true\" aria-invalid=\"false\" value=\"\" type=\"text\" name=\"your-name\" \/><\/span> <\/label>\n<\/p>\n<p><label> Tu correo electr\u00f3nico (requerido)<br \/>\n<span class=\"wpcf7-form-control-wrap\" data-name=\"your-email\"><input size=\"40\" maxlength=\"400\" class=\"wpcf7-form-control wpcf7-email wpcf7-validates-as-required wpcf7-text wpcf7-validates-as-email\" aria-required=\"true\" aria-invalid=\"false\" value=\"\" type=\"email\" name=\"your-email\" \/><\/span> <\/label>\n<\/p>\n<p><label> Mensaje<br \/>\n<span class=\"wpcf7-form-control-wrap\" data-name=\"your-message\"><textarea cols=\"40\" rows=\"10\" maxlength=\"2000\" class=\"wpcf7-form-control wpcf7-textarea\" aria-invalid=\"false\" name=\"your-message\"><\/textarea><\/span> <\/label>\n<\/p>\n<p><input class=\"wpcf7-form-control wpcf7-submit has-spinner\" type=\"submit\" value=\"Enviar\" \/>\n<\/p>\n<p style=\"display: none !important;\" class=\"akismet-fields-container\" data-prefix=\"_wpcf7_ak_\"><label>&#916;<textarea name=\"_wpcf7_ak_hp_textarea\" cols=\"45\" rows=\"8\" maxlength=\"100\"><\/textarea><\/label><input type=\"hidden\" id=\"ak_js_1\" name=\"_wpcf7_ak_js\" value=\"223\"\/><script type=\"text\/javascript\">\n\/* <![CDATA[ *\/\ndocument.getElementById( \"ak_js_1\" ).setAttribute( \"value\", ( new Date() ).getTime() );\n\/* ]]> *\/\n<\/script>\n<\/p><div class=\"wpcf7-response-output\" aria-hidden=\"true\"><\/div>\n<\/form>\n<\/div>\n\n","protected":false},"excerpt":{"rendered":"<p>\u00bfQu\u00e9 cubre el Seguro de Auto? Con una amplia variedad de coberturas, el Seguro de\u00a0 Auto\u00a0 te protege ante situaciones de riesgo para tu veh\u00edculo, tu vida y la de los tuyos, y cubre las responsabilidades derivadas del asegurado m\u00e1s all\u00e1 de la Responsabilidad Civil Obligatoria (cubierto el m\u00e1ximo legal). Por ejemplo: La reparaci\u00f3n o [&hellip;]<\/p>\n","protected":false},"author":1,"featured_media":0,"parent":0,"menu_order":0,"comment_status":"closed","ping_status":"closed","template":"fullwidth.php","meta":{"footnotes":""},"class_list":["post-163","page","type-page","status-publish","hentry"],"_links":{"self":[{"href":"https:\/\/garciavillullas.com\/index.php?rest_route=\/wp\/v2\/pages\/163","targetHints":{"allow":["GET"]}}],"collection":[{"href":"https:\/\/garciavillullas.com\/index.php?rest_route=\/wp\/v2\/pages"}],"about":[{"href":"https:\/\/garciavillullas.com\/index.php?rest_route=\/wp\/v2\/types\/page"}],"author":[{"embeddable":true,"href":"https:\/\/garciavillullas.com\/index.php?rest_route=\/wp\/v2\/users\/1"}],"replies":[{"embeddable":true,"href":"https:\/\/garciavillullas.com\/index.php?rest_route=%2Fwp%2Fv2%2Fcomments&post=163"}],"version-history":[{"count":5,"href":"https:\/\/garciavillullas.com\/index.php?rest_route=\/wp\/v2\/pages\/163\/revisions"}],"predecessor-version":[{"id":500,"href":"https:\/\/garciavillullas.com\/index.php?rest_route=\/wp\/v2\/pages\/163\/revisions\/500"}],"wp:attachment":[{"href":"https:\/\/garciavillullas.com\/index.php?rest_route=%2Fwp%2Fv2%2Fmedia&parent=163"}],"curies":[{"name":"wp","href":"https:\/\/api.w.org\/{rel}","templated":true}]}}