{"id":167,"date":"2017-08-23T11:13:48","date_gmt":"2017-08-23T11:13:48","guid":{"rendered":"http:\/\/garciavillullas.com\/?page_id=167"},"modified":"2017-10-21T16:52:19","modified_gmt":"2017-10-21T16:52:19","slug":"planes-de-pensiones","status":"publish","type":"page","link":"https:\/\/garciavillullas.com\/?page_id=167","title":{"rendered":"Planes de pensiones"},"content":{"rendered":"<p><img loading=\"lazy\" decoding=\"async\" class=\"wp-image-365 aligncenter\" src=\"https:\/\/garciavillullas.com\/wp-content\/uploads\/2017\/08\/Planes-de-Pensiones.jpg\" alt=\"Planes de Pensiones\" width=\"465\" height=\"309\" srcset=\"https:\/\/garciavillullas.com\/wp-content\/uploads\/2017\/08\/Planes-de-Pensiones.jpg 625w, https:\/\/garciavillullas.com\/wp-content\/uploads\/2017\/08\/Planes-de-Pensiones-300x199.jpg 300w\" sizes=\"auto, (max-width: 465px) 100vw, 465px\" \/><\/p>\n<h1 style=\"text-align: center;\"><strong>PLANES DE PENSIONES<\/strong><\/h1>\n<p>Sistema de ahorro a largo plazo destinado a generar un complemento privado a la pensi\u00f3n p\u00fablica de jubilaci\u00f3n mediante aportaciones voluntarias del part\u00edcipe.<\/p>\n<p>Disfruta de un excelente tratamiento fiscal, puesto que dichas aportaciones se pueden reducir en la base imponible general del IRPF todos los a\u00f1os.<\/p>\n<p><strong>DISTINTOS PERFILES:<\/strong><\/p>\n<p><strong>CONSERVADOR<\/strong> &#8211; Renta Fija (100% renta fija, tanto p\u00fablica como privada).<\/p>\n<p><strong>MODERADO<\/strong> &#8211; Renta Fija Mixta : M\u00e1ximo de un 30% en renta variable, valores cotizados en mercados de pa\u00edses de la OCDE. Resto renta fija (p\u00fablica y privada) de emisores de elevada calidad crediticia<\/p>\n<p><strong>MODERADO \/ AGRESIVO &#8211; <\/strong>Renta Variable Mixta : Entre un 30% y un 75% de renta variable. Resto en activos pertenecientes a pa\u00edses de la OCDE y valores emitidos por sociedades de elevada solvencia.<\/p>\n<p><strong>AGRESIVO<\/strong> Renta Variable : M\u00e1s del 75% invertido en renta variable.<\/p>\n<p>Cons\u00faltanos<br \/>\n\n<div class=\"wpcf7 no-js\" id=\"wpcf7-f6-o1\" lang=\"es-ES\" dir=\"ltr\" data-wpcf7-id=\"6\">\n<div class=\"screen-reader-response\"><p role=\"status\" aria-live=\"polite\" aria-atomic=\"true\"><\/p> <ul><\/ul><\/div>\n<form action=\"\/index.php?rest_route=%2Fwp%2Fv2%2Fpages%2F167#wpcf7-f6-o1\" method=\"post\" class=\"wpcf7-form init\" aria-label=\"Formulario de contacto\" novalidate=\"novalidate\" data-status=\"init\">\n<fieldset class=\"hidden-fields-container\"><input type=\"hidden\" name=\"_wpcf7\" value=\"6\" \/><input type=\"hidden\" name=\"_wpcf7_version\" value=\"6.1.5\" \/><input type=\"hidden\" name=\"_wpcf7_locale\" value=\"es_ES\" \/><input type=\"hidden\" name=\"_wpcf7_unit_tag\" value=\"wpcf7-f6-o1\" \/><input type=\"hidden\" name=\"_wpcf7_container_post\" value=\"0\" \/><input type=\"hidden\" name=\"_wpcf7_posted_data_hash\" value=\"\" \/><input type=\"hidden\" name=\"_wpcf7_recaptcha_response\" value=\"\" \/>\n<\/fieldset>\n<p><label> Nombre (requerido)<br \/>\n<span class=\"wpcf7-form-control-wrap\" data-name=\"your-name\"><input size=\"40\" maxlength=\"400\" class=\"wpcf7-form-control wpcf7-text wpcf7-validates-as-required\" aria-required=\"true\" aria-invalid=\"false\" value=\"\" type=\"text\" name=\"your-name\" \/><\/span> <\/label>\n<\/p>\n<p><label> Tu correo electr\u00f3nico (requerido)<br \/>\n<span class=\"wpcf7-form-control-wrap\" data-name=\"your-email\"><input size=\"40\" maxlength=\"400\" class=\"wpcf7-form-control wpcf7-email wpcf7-validates-as-required wpcf7-text wpcf7-validates-as-email\" aria-required=\"true\" aria-invalid=\"false\" value=\"\" type=\"email\" name=\"your-email\" \/><\/span> <\/label>\n<\/p>\n<p><label> Mensaje<br \/>\n<span class=\"wpcf7-form-control-wrap\" data-name=\"your-message\"><textarea cols=\"40\" rows=\"10\" maxlength=\"2000\" class=\"wpcf7-form-control wpcf7-textarea\" aria-invalid=\"false\" name=\"your-message\"><\/textarea><\/span> <\/label>\n<\/p>\n<p><input class=\"wpcf7-form-control wpcf7-submit has-spinner\" type=\"submit\" value=\"Enviar\" \/>\n<\/p>\n<p style=\"display: none !important;\" class=\"akismet-fields-container\" data-prefix=\"_wpcf7_ak_\"><label>&#916;<textarea name=\"_wpcf7_ak_hp_textarea\" cols=\"45\" rows=\"8\" maxlength=\"100\"><\/textarea><\/label><input type=\"hidden\" id=\"ak_js_1\" name=\"_wpcf7_ak_js\" value=\"189\"\/><script type=\"text\/javascript\">\n\/* <![CDATA[ *\/\ndocument.getElementById( \"ak_js_1\" ).setAttribute( \"value\", ( new Date() ).getTime() );\n\/* ]]> *\/\n<\/script>\n<\/p><div class=\"wpcf7-response-output\" aria-hidden=\"true\"><\/div>\n<\/form>\n<\/div>\n\n","protected":false},"excerpt":{"rendered":"<p>PLANES DE PENSIONES Sistema de ahorro a largo plazo destinado a generar un complemento privado a la pensi\u00f3n p\u00fablica de jubilaci\u00f3n mediante aportaciones voluntarias del part\u00edcipe. Disfruta de un excelente tratamiento fiscal, puesto que dichas aportaciones se pueden reducir en la base imponible general del IRPF todos los a\u00f1os. DISTINTOS PERFILES: CONSERVADOR &#8211; Renta Fija [&hellip;]<\/p>\n","protected":false},"author":1,"featured_media":0,"parent":0,"menu_order":0,"comment_status":"closed","ping_status":"closed","template":"fullwidth.php","meta":{"footnotes":""},"class_list":["post-167","page","type-page","status-publish","hentry"],"_links":{"self":[{"href":"https:\/\/garciavillullas.com\/index.php?rest_route=\/wp\/v2\/pages\/167","targetHints":{"allow":["GET"]}}],"collection":[{"href":"https:\/\/garciavillullas.com\/index.php?rest_route=\/wp\/v2\/pages"}],"about":[{"href":"https:\/\/garciavillullas.com\/index.php?rest_route=\/wp\/v2\/types\/page"}],"author":[{"embeddable":true,"href":"https:\/\/garciavillullas.com\/index.php?rest_route=\/wp\/v2\/users\/1"}],"replies":[{"embeddable":true,"href":"https:\/\/garciavillullas.com\/index.php?rest_route=%2Fwp%2Fv2%2Fcomments&post=167"}],"version-history":[{"count":6,"href":"https:\/\/garciavillullas.com\/index.php?rest_route=\/wp\/v2\/pages\/167\/revisions"}],"predecessor-version":[{"id":507,"href":"https:\/\/garciavillullas.com\/index.php?rest_route=\/wp\/v2\/pages\/167\/revisions\/507"}],"wp:attachment":[{"href":"https:\/\/garciavillullas.com\/index.php?rest_route=%2Fwp%2Fv2%2Fmedia&parent=167"}],"curies":[{"name":"wp","href":"https:\/\/api.w.org\/{rel}","templated":true}]}}