{"id":169,"date":"2017-08-23T11:14:05","date_gmt":"2017-08-23T11:14:05","guid":{"rendered":"http:\/\/garciavillullas.com\/?page_id=169"},"modified":"2017-10-09T16:17:47","modified_gmt":"2017-10-09T16:17:47","slug":"seguro-de-vida-riesgo","status":"publish","type":"page","link":"https:\/\/garciavillullas.com\/?page_id=169","title":{"rendered":"Seguro de Vida Riesgo"},"content":{"rendered":"<p><img decoding=\"async\" class=\"aligncenter\" src=\"https:\/\/garciavillullas.com\/wp-content\/uploads\/2017\/09\/seguro_vida_riesgo.jpg\" alt=\"\" \/><\/p>\n<h2>Seguro Vida Riesgo<\/h2>\n<p><strong> \u00bfQu\u00e9 cubre el Seguro Vida Riesgo ?<\/strong><br \/>\nLa flexibilidad de un Seguro de Vida Riesgo te permite escoger la modalidad que mejor se ajuste a tus necesidades de planificar tu seguridad econ\u00f3mica. Te ayudamos a proteger los aspectos prioritarios de tu vida, como tu hogar o la educaci\u00f3n de tus hijos, y, en el caso de que faltes, tu familia podr\u00e1 mantener la calidad de vida habitual y hacer frente a posibles gastos o deudas.<br \/>\nComo por ejemplo, <strong>cubrimos<\/strong>:<br \/>\nEl pago de un capital a las personas beneficiaras en caso de fallecimiento.<br \/>\nLa factura de gastos de sepelio.<br \/>\nEl pago de la cuota tributaria del Impuesto de Sucesiones y Donaciones.<br \/>\nEl pago de un capital adicional a los hijos menores no emancipados o incapacitados totalmente para el trabajo en caso de fallecimiento simult\u00e1neo en el mismo accidente, de ambos progenitores, adoptantes o tutores.<br \/>\nEl pago mensual en caso de contraer una enfermedad cr\u00edtica, que te ayudar\u00e1 a ti y a tu familia hacer frente a esta contingencia.<\/p>\n<p>Definici\u00f3n y resumen de las Coberturas<br \/>\nSeg\u00fan la modalidad elegida tendr\u00e1s la tranquilidad de tener cubiertas las siguientes situaciones:<\/p>\n<ul>\n<li>Fallecimiento<\/li>\n<li>Fallecimiento por Accidente<\/li>\n<li>Fallecimiento por Accidente de Circulaci\u00f3n<\/li>\n<li>Gastos de sepelio<\/li>\n<li>Cuota tributaria del Impuesto de Sucesiones y Donaciones<\/li>\n<li>Orfandad por accidente<\/li>\n<li>Invalidez Permanente y Absoluta<\/li>\n<li>Invalidez Permanente por Accidente<\/li>\n<li>Invalidez por Accidente de circulaci\u00f3n<\/li>\n<li>Invalidez Permanente Total (Profesional)<\/li>\n<li>Enfermedad Cr\u00edtica<\/li>\n<li>Enfermedad Grave<\/li>\n<\/ul>\n<p>&nbsp;<br \/>\nCons\u00faltanos<br \/>\n \n<div class=\"wpcf7 no-js\" id=\"wpcf7-f6-o1\" lang=\"es-ES\" dir=\"ltr\" data-wpcf7-id=\"6\">\n<div class=\"screen-reader-response\"><p role=\"status\" aria-live=\"polite\" aria-atomic=\"true\"><\/p> <ul><\/ul><\/div>\n<form action=\"\/index.php?rest_route=%2Fwp%2Fv2%2Fpages%2F169#wpcf7-f6-o1\" method=\"post\" class=\"wpcf7-form init\" aria-label=\"Formulario de contacto\" novalidate=\"novalidate\" data-status=\"init\">\n<fieldset class=\"hidden-fields-container\"><input type=\"hidden\" name=\"_wpcf7\" value=\"6\" \/><input type=\"hidden\" name=\"_wpcf7_version\" value=\"6.1.6\" \/><input type=\"hidden\" name=\"_wpcf7_locale\" value=\"es_ES\" \/><input type=\"hidden\" name=\"_wpcf7_unit_tag\" value=\"wpcf7-f6-o1\" \/><input type=\"hidden\" name=\"_wpcf7_container_post\" value=\"0\" \/><input type=\"hidden\" name=\"_wpcf7_posted_data_hash\" value=\"\" \/><input type=\"hidden\" name=\"_wpcf7_recaptcha_response\" value=\"\" \/>\n<\/fieldset>\n<p><label> Nombre (requerido)<br \/>\n<span class=\"wpcf7-form-control-wrap\" data-name=\"your-name\"><input size=\"40\" maxlength=\"400\" class=\"wpcf7-form-control wpcf7-text wpcf7-validates-as-required\" aria-required=\"true\" aria-invalid=\"false\" value=\"\" type=\"text\" name=\"your-name\" \/><\/span> <\/label>\n<\/p>\n<p><label> Tu correo electr\u00f3nico (requerido)<br \/>\n<span class=\"wpcf7-form-control-wrap\" data-name=\"your-email\"><input size=\"40\" maxlength=\"400\" class=\"wpcf7-form-control wpcf7-email wpcf7-validates-as-required wpcf7-text wpcf7-validates-as-email\" aria-required=\"true\" aria-invalid=\"false\" value=\"\" type=\"email\" name=\"your-email\" \/><\/span> <\/label>\n<\/p>\n<p><label> Mensaje<br \/>\n<span class=\"wpcf7-form-control-wrap\" data-name=\"your-message\"><textarea cols=\"40\" rows=\"10\" maxlength=\"2000\" class=\"wpcf7-form-control wpcf7-textarea\" aria-invalid=\"false\" name=\"your-message\"><\/textarea><\/span> <\/label>\n<\/p>\n<p><input class=\"wpcf7-form-control wpcf7-submit has-spinner\" type=\"submit\" value=\"Enviar\" \/>\n<\/p>\n<p style=\"display: none !important;\" class=\"akismet-fields-container\" data-prefix=\"_wpcf7_ak_\"><label>&#916;<textarea name=\"_wpcf7_ak_hp_textarea\" cols=\"45\" rows=\"8\" maxlength=\"100\"><\/textarea><\/label><input type=\"hidden\" id=\"ak_js_1\" name=\"_wpcf7_ak_js\" value=\"233\"\/><script type=\"text\/javascript\">\n\/* <![CDATA[ *\/\ndocument.getElementById( \"ak_js_1\" ).setAttribute( \"value\", ( new Date() ).getTime() );\n\/* ]]> *\/\n<\/script>\n<\/p><div class=\"wpcf7-response-output\" aria-hidden=\"true\"><\/div>\n<\/form>\n<\/div>\n\n","protected":false},"excerpt":{"rendered":"<p>Seguro Vida Riesgo \u00bfQu\u00e9 cubre el Seguro Vida Riesgo ? La flexibilidad de un Seguro de Vida Riesgo te permite escoger la modalidad que mejor se ajuste a tus necesidades de planificar tu seguridad econ\u00f3mica. Te ayudamos a proteger los aspectos prioritarios de tu vida, como tu hogar o la educaci\u00f3n de tus hijos, y, [&hellip;]<\/p>\n","protected":false},"author":1,"featured_media":0,"parent":0,"menu_order":0,"comment_status":"closed","ping_status":"closed","template":"fullwidth.php","meta":{"footnotes":""},"class_list":["post-169","page","type-page","status-publish","hentry"],"_links":{"self":[{"href":"https:\/\/garciavillullas.com\/index.php?rest_route=\/wp\/v2\/pages\/169","targetHints":{"allow":["GET"]}}],"collection":[{"href":"https:\/\/garciavillullas.com\/index.php?rest_route=\/wp\/v2\/pages"}],"about":[{"href":"https:\/\/garciavillullas.com\/index.php?rest_route=\/wp\/v2\/types\/page"}],"author":[{"embeddable":true,"href":"https:\/\/garciavillullas.com\/index.php?rest_route=\/wp\/v2\/users\/1"}],"replies":[{"embeddable":true,"href":"https:\/\/garciavillullas.com\/index.php?rest_route=%2Fwp%2Fv2%2Fcomments&post=169"}],"version-history":[{"count":7,"href":"https:\/\/garciavillullas.com\/index.php?rest_route=\/wp\/v2\/pages\/169\/revisions"}],"predecessor-version":[{"id":425,"href":"https:\/\/garciavillullas.com\/index.php?rest_route=\/wp\/v2\/pages\/169\/revisions\/425"}],"wp:attachment":[{"href":"https:\/\/garciavillullas.com\/index.php?rest_route=%2Fwp%2Fv2%2Fmedia&parent=169"}],"curies":[{"name":"wp","href":"https:\/\/api.w.org\/{rel}","templated":true}]}}