{"id":173,"date":"2017-08-23T11:14:42","date_gmt":"2017-08-23T11:14:42","guid":{"rendered":"http:\/\/garciavillullas.com\/?page_id=173"},"modified":"2017-10-21T16:55:24","modified_gmt":"2017-10-21T16:55:24","slug":"seguro-de-vida-colectivos","status":"publish","type":"page","link":"https:\/\/garciavillullas.com\/?page_id=173","title":{"rendered":"Seguro de Vida Colectivos"},"content":{"rendered":"<p><img loading=\"lazy\" decoding=\"async\" class=\"wp-image-338 aligncenter\" src=\"https:\/\/garciavillullas.com\/wp-content\/uploads\/2017\/08\/Seguro-Vida-Colectivos.jpg\" alt=\"Seguro de Vida Colectivos\" width=\"440\" height=\"293\" srcset=\"https:\/\/garciavillullas.com\/wp-content\/uploads\/2017\/08\/Seguro-Vida-Colectivos.jpg 2508w, https:\/\/garciavillullas.com\/wp-content\/uploads\/2017\/08\/Seguro-Vida-Colectivos-300x200.jpg 300w, https:\/\/garciavillullas.com\/wp-content\/uploads\/2017\/08\/Seguro-Vida-Colectivos-768x512.jpg 768w, https:\/\/garciavillullas.com\/wp-content\/uploads\/2017\/08\/Seguro-Vida-Colectivos-1024x683.jpg 1024w\" sizes=\"auto, (max-width: 440px) 100vw, 440px\" \/><\/p>\n<h2 style=\"text-align: center;\"><strong>SEGURO VIDA COLECTIVOS<\/strong><\/h2>\n<p>&nbsp;<\/p>\n<p>Los seguros de vida colectivos ofrecen a los trabajadores de las empresas y a los directivos y administradores de las mismas, la protecci\u00f3n m\u00e1s completa en situaciones de fallecimiento e invalidez.<\/p>\n<p>&nbsp;<\/p>\n<p>De esta manera, y seg\u00fan las previsiones y necesidades de cada colectivo, es posible acceder a diferentes tipos de p\u00f3lizas:<\/p>\n<p>&nbsp;<\/p>\n<ul>\n<li><strong>Temporal Anual Renovable: <\/strong>Permite la adecuaci\u00f3n de capitales asegurados y garant\u00edas seg\u00fan las necesidades del cliente en cualquier momento, as\u00ed como dar cobertura por accidente y\/o accidente de circulaci\u00f3n. Pueden darse altas y bajas durante la anualidad.<\/li>\n<\/ul>\n<p>&nbsp;<\/p>\n<ul>\n<li><strong>Con garant\u00eda de rentas<\/strong>, lo cual supone una mejor fiscalidad para el cobro de la prestaci\u00f3n, as\u00ed como la estabilidad econ\u00f3mica de los beneficiarios para afrontar sus gastos mensuales, a trav\u00e9s de una renta a largo plazo distribuida en mensualidades.<\/li>\n<\/ul>\n<p>&nbsp;<\/p>\n<ul>\n<li><strong>Temporal Fijo: <\/strong>seguro temporal a un plazo determinado, permaneciendo el capital constante durante la duraci\u00f3n del seguro.<\/li>\n<\/ul>\n<p>&nbsp;<\/p>\n<ul>\n<li><strong>Vida Empresas : <\/strong>el objetivo es facilitar la elecci\u00f3n de las garant\u00edas y capitales, facilitando una prima por tramos de edad. La tarificaci\u00f3n y contrataci\u00f3n de esta modalidad es muy sencilla, ya que es una p\u00f3liza cerrada.<\/li>\n<\/ul>\n<p>&nbsp;<\/p>\n<p>Garant\u00eda <strong>OBLIGATORIA<\/strong><\/p>\n<ul>\n<li>Fallecimiento por cualquier causa<\/li>\n<\/ul>\n<p>Garant\u00edas <strong>COMPLEMENTARIAS<\/strong><\/p>\n<ul>\n<li>Fallecimiento accidental, Fallecimiento por accidente de circulaci\u00f3n, Invalidez permanente absoluta, e Invalidez permanente total.<\/li>\n<\/ul>\n<p>Cons\u00faltanos<br \/>\n\n<div class=\"wpcf7 no-js\" id=\"wpcf7-f6-o1\" lang=\"es-ES\" dir=\"ltr\" data-wpcf7-id=\"6\">\n<div class=\"screen-reader-response\"><p role=\"status\" aria-live=\"polite\" aria-atomic=\"true\"><\/p> <ul><\/ul><\/div>\n<form action=\"\/index.php?rest_route=%2Fwp%2Fv2%2Fpages%2F173#wpcf7-f6-o1\" method=\"post\" class=\"wpcf7-form init\" aria-label=\"Formulario de contacto\" novalidate=\"novalidate\" data-status=\"init\">\n<fieldset class=\"hidden-fields-container\"><input type=\"hidden\" name=\"_wpcf7\" value=\"6\" \/><input type=\"hidden\" name=\"_wpcf7_version\" value=\"6.1.5\" \/><input type=\"hidden\" name=\"_wpcf7_locale\" value=\"es_ES\" \/><input type=\"hidden\" name=\"_wpcf7_unit_tag\" value=\"wpcf7-f6-o1\" \/><input type=\"hidden\" name=\"_wpcf7_container_post\" value=\"0\" \/><input type=\"hidden\" name=\"_wpcf7_posted_data_hash\" value=\"\" \/><input type=\"hidden\" name=\"_wpcf7_recaptcha_response\" value=\"\" \/>\n<\/fieldset>\n<p><label> Nombre (requerido)<br \/>\n<span class=\"wpcf7-form-control-wrap\" data-name=\"your-name\"><input size=\"40\" maxlength=\"400\" class=\"wpcf7-form-control wpcf7-text wpcf7-validates-as-required\" aria-required=\"true\" aria-invalid=\"false\" value=\"\" type=\"text\" name=\"your-name\" \/><\/span> <\/label>\n<\/p>\n<p><label> Tu correo electr\u00f3nico (requerido)<br \/>\n<span class=\"wpcf7-form-control-wrap\" data-name=\"your-email\"><input size=\"40\" maxlength=\"400\" class=\"wpcf7-form-control wpcf7-email wpcf7-validates-as-required wpcf7-text wpcf7-validates-as-email\" aria-required=\"true\" aria-invalid=\"false\" value=\"\" type=\"email\" name=\"your-email\" \/><\/span> <\/label>\n<\/p>\n<p><label> Mensaje<br \/>\n<span class=\"wpcf7-form-control-wrap\" data-name=\"your-message\"><textarea cols=\"40\" rows=\"10\" maxlength=\"2000\" class=\"wpcf7-form-control wpcf7-textarea\" aria-invalid=\"false\" name=\"your-message\"><\/textarea><\/span> <\/label>\n<\/p>\n<p><input class=\"wpcf7-form-control wpcf7-submit has-spinner\" type=\"submit\" value=\"Enviar\" \/>\n<\/p>\n<p style=\"display: none !important;\" class=\"akismet-fields-container\" data-prefix=\"_wpcf7_ak_\"><label>&#916;<textarea name=\"_wpcf7_ak_hp_textarea\" cols=\"45\" rows=\"8\" maxlength=\"100\"><\/textarea><\/label><input type=\"hidden\" id=\"ak_js_1\" name=\"_wpcf7_ak_js\" value=\"195\"\/><script type=\"text\/javascript\">\n\/* <![CDATA[ *\/\ndocument.getElementById( \"ak_js_1\" ).setAttribute( \"value\", ( new Date() ).getTime() );\n\/* ]]> *\/\n<\/script>\n<\/p><div class=\"wpcf7-response-output\" aria-hidden=\"true\"><\/div>\n<\/form>\n<\/div>\n\n","protected":false},"excerpt":{"rendered":"<p>SEGURO VIDA COLECTIVOS &nbsp; Los seguros de vida colectivos ofrecen a los trabajadores de las empresas y a los directivos y administradores de las mismas, la protecci\u00f3n m\u00e1s completa en situaciones de fallecimiento e invalidez. &nbsp; De esta manera, y seg\u00fan las previsiones y necesidades de cada colectivo, es posible acceder a diferentes tipos de [&hellip;]<\/p>\n","protected":false},"author":1,"featured_media":0,"parent":0,"menu_order":0,"comment_status":"closed","ping_status":"closed","template":"fullwidth.php","meta":{"footnotes":""},"class_list":["post-173","page","type-page","status-publish","hentry"],"_links":{"self":[{"href":"https:\/\/garciavillullas.com\/index.php?rest_route=\/wp\/v2\/pages\/173","targetHints":{"allow":["GET"]}}],"collection":[{"href":"https:\/\/garciavillullas.com\/index.php?rest_route=\/wp\/v2\/pages"}],"about":[{"href":"https:\/\/garciavillullas.com\/index.php?rest_route=\/wp\/v2\/types\/page"}],"author":[{"embeddable":true,"href":"https:\/\/garciavillullas.com\/index.php?rest_route=\/wp\/v2\/users\/1"}],"replies":[{"embeddable":true,"href":"https:\/\/garciavillullas.com\/index.php?rest_route=%2Fwp%2Fv2%2Fcomments&post=173"}],"version-history":[{"count":5,"href":"https:\/\/garciavillullas.com\/index.php?rest_route=\/wp\/v2\/pages\/173\/revisions"}],"predecessor-version":[{"id":509,"href":"https:\/\/garciavillullas.com\/index.php?rest_route=\/wp\/v2\/pages\/173\/revisions\/509"}],"wp:attachment":[{"href":"https:\/\/garciavillullas.com\/index.php?rest_route=%2Fwp%2Fv2%2Fmedia&parent=173"}],"curies":[{"name":"wp","href":"https:\/\/api.w.org\/{rel}","templated":true}]}}