{"id":177,"date":"2017-08-23T11:15:07","date_gmt":"2017-08-23T11:15:07","guid":{"rendered":"http:\/\/garciavillullas.com\/?page_id=177"},"modified":"2017-10-21T16:56:50","modified_gmt":"2017-10-21T16:56:50","slug":"salud-individual","status":"publish","type":"page","link":"https:\/\/garciavillullas.com\/?page_id=177","title":{"rendered":"Salud Individual"},"content":{"rendered":"<p><img loading=\"lazy\" decoding=\"async\" class=\"wp-image-375 aligncenter\" src=\"https:\/\/garciavillullas.com\/wp-content\/uploads\/2017\/08\/Salud-Individual.jpg\" alt=\"Salud Individual\" width=\"549\" height=\"254\" srcset=\"https:\/\/garciavillullas.com\/wp-content\/uploads\/2017\/08\/Salud-Individual.jpg 1728w, https:\/\/garciavillullas.com\/wp-content\/uploads\/2017\/08\/Salud-Individual-300x139.jpg 300w, https:\/\/garciavillullas.com\/wp-content\/uploads\/2017\/08\/Salud-Individual-768x356.jpg 768w, https:\/\/garciavillullas.com\/wp-content\/uploads\/2017\/08\/Salud-Individual-1024x474.jpg 1024w\" sizes=\"auto, (max-width: 549px) 100vw, 549px\" \/><\/p>\n<h1><strong>Salud Individual<\/strong><\/h1>\n<p>La p\u00f3liza que se adapta a las distintas necesidades personales, econ\u00f3micas y familiares de nuestros clientes.<\/p>\n<p><strong>Ventajas Competitivas. <\/strong><\/p>\n<p><strong>\u00a0<\/strong><\/p>\n<ol>\n<li>Te ofrecemos un producto adaptado a tus necesidades con la m\u00e1xima calidad.<\/li>\n<li>Listas de espera, exceso de \u201cpapeleo\u201d para el acceso a pruebas y especialistas, falta de personalizaci\u00f3n&#8230; <strong>ya no<\/strong><\/li>\n<\/ol>\n<p><strong>\u00a0\u00a0\u00a0 ser\u00e1n problemas para ti. <\/strong><\/p>\n<ol start=\"3\">\n<li><strong> Hospitalizaci\u00f3n: <\/strong>el tiempo que necesites, sin que ello suponga un esfuerzo econ\u00f3mico adicional por tu parte. (Salvo psiqui\u00e1trica).<\/li>\n<li>Incluimos siempre la posibilidad de <strong>cirug\u00eda sin sangre <\/strong>ni hemoderivados.<\/li>\n<\/ol>\n<p><strong>Razones para sentirte m\u00e1s seguro. <\/strong><\/p>\n<p><strong>\u00a0<\/strong><\/p>\n<ol start=\"5\">\n<li><strong> Ventajas Fiscales <\/strong>para aut\u00f3nomos y empresas.<\/li>\n<li><strong> Colaboramos con los mejores <\/strong>en su campo para ofrecerte la m\u00e1xima calidad: Cl\u00ednica Universitaria de Navarra (especialistas en enfermedades graves), Cl\u00ednica Baviera (especialistas en correcci\u00f3n de la miop\u00eda por l\u00e1ser), los mejores Bancos Familiares de c\u00e9lulas madre&#8230;<\/li>\n<li><strong>Orientaci\u00f3n plena al Asegurado: <\/strong>servicio de atenci\u00f3n telef\u00f3nica las 24 horas del d\u00eda para facilitarte cualquier gesti\u00f3n y responder a cualquier duda.<\/li>\n<\/ol>\n<p><strong>TIPOS DE COBERTURA:<\/strong><\/p>\n<p><strong>Seguro Salud Reembolso <\/strong><\/p>\n<p>El asegurado puede acudir a cualquier m\u00e9dico o centro del mundo, de modo que la compa\u00f1\u00eda reembolsar\u00e1 hasta el 90% de su factura (con los topes m\u00e1ximos establecidos) o acudir a cualquier m\u00e9dico o centro concertado.<\/p>\n<p><strong>Seguro Salud Cuadro Concertado <\/strong><\/p>\n<p>Las prestaciones contratadas se realizan por los distintos profesionales y centros sanitarios concertados que figuran en el cuadro m\u00e9dico vigente en la Cia. Se puede contratar con copago por servicio dispuesto o sin copago.<\/p>\n<p>Cons\u00faltanos<br \/>\n\n<div class=\"wpcf7 no-js\" id=\"wpcf7-f6-o1\" lang=\"es-ES\" dir=\"ltr\" data-wpcf7-id=\"6\">\n<div class=\"screen-reader-response\"><p role=\"status\" aria-live=\"polite\" aria-atomic=\"true\"><\/p> <ul><\/ul><\/div>\n<form action=\"\/index.php?rest_route=%2Fwp%2Fv2%2Fpages%2F177#wpcf7-f6-o1\" method=\"post\" class=\"wpcf7-form init\" aria-label=\"Formulario de contacto\" novalidate=\"novalidate\" data-status=\"init\">\n<fieldset class=\"hidden-fields-container\"><input type=\"hidden\" name=\"_wpcf7\" value=\"6\" \/><input type=\"hidden\" name=\"_wpcf7_version\" value=\"6.1.6\" \/><input type=\"hidden\" name=\"_wpcf7_locale\" value=\"es_ES\" \/><input type=\"hidden\" name=\"_wpcf7_unit_tag\" value=\"wpcf7-f6-o1\" \/><input type=\"hidden\" name=\"_wpcf7_container_post\" value=\"0\" \/><input type=\"hidden\" name=\"_wpcf7_posted_data_hash\" value=\"\" \/><input type=\"hidden\" name=\"_wpcf7_recaptcha_response\" value=\"\" \/>\n<\/fieldset>\n<p><label> Nombre (requerido)<br \/>\n<span class=\"wpcf7-form-control-wrap\" data-name=\"your-name\"><input size=\"40\" maxlength=\"400\" class=\"wpcf7-form-control wpcf7-text wpcf7-validates-as-required\" aria-required=\"true\" aria-invalid=\"false\" value=\"\" type=\"text\" name=\"your-name\" \/><\/span> <\/label>\n<\/p>\n<p><label> Tu correo electr\u00f3nico (requerido)<br \/>\n<span class=\"wpcf7-form-control-wrap\" data-name=\"your-email\"><input size=\"40\" maxlength=\"400\" class=\"wpcf7-form-control wpcf7-email wpcf7-validates-as-required wpcf7-text wpcf7-validates-as-email\" aria-required=\"true\" aria-invalid=\"false\" value=\"\" type=\"email\" name=\"your-email\" \/><\/span> <\/label>\n<\/p>\n<p><label> Mensaje<br \/>\n<span class=\"wpcf7-form-control-wrap\" data-name=\"your-message\"><textarea cols=\"40\" rows=\"10\" maxlength=\"2000\" class=\"wpcf7-form-control wpcf7-textarea\" aria-invalid=\"false\" name=\"your-message\"><\/textarea><\/span> <\/label>\n<\/p>\n<p><input class=\"wpcf7-form-control wpcf7-submit has-spinner\" type=\"submit\" value=\"Enviar\" \/>\n<\/p>\n<p style=\"display: none !important;\" class=\"akismet-fields-container\" data-prefix=\"_wpcf7_ak_\"><label>&#916;<textarea name=\"_wpcf7_ak_hp_textarea\" cols=\"45\" rows=\"8\" maxlength=\"100\"><\/textarea><\/label><input type=\"hidden\" id=\"ak_js_1\" name=\"_wpcf7_ak_js\" value=\"109\"\/><script type=\"text\/javascript\">\n\/* <![CDATA[ *\/\ndocument.getElementById( \"ak_js_1\" ).setAttribute( \"value\", ( new Date() ).getTime() );\n\/* ]]> *\/\n<\/script>\n<\/p><div class=\"wpcf7-response-output\" aria-hidden=\"true\"><\/div>\n<\/form>\n<\/div>\n\n","protected":false},"excerpt":{"rendered":"<p>Salud Individual La p\u00f3liza que se adapta a las distintas necesidades personales, econ\u00f3micas y familiares de nuestros clientes. Ventajas Competitivas. \u00a0 Te ofrecemos un producto adaptado a tus necesidades con la m\u00e1xima calidad. Listas de espera, exceso de \u201cpapeleo\u201d para el acceso a pruebas y especialistas, falta de personalizaci\u00f3n&#8230; ya no \u00a0\u00a0\u00a0 ser\u00e1n problemas para [&hellip;]<\/p>\n","protected":false},"author":1,"featured_media":0,"parent":0,"menu_order":0,"comment_status":"closed","ping_status":"closed","template":"fullwidth.php","meta":{"footnotes":""},"class_list":["post-177","page","type-page","status-publish","hentry"],"_links":{"self":[{"href":"https:\/\/garciavillullas.com\/index.php?rest_route=\/wp\/v2\/pages\/177","targetHints":{"allow":["GET"]}}],"collection":[{"href":"https:\/\/garciavillullas.com\/index.php?rest_route=\/wp\/v2\/pages"}],"about":[{"href":"https:\/\/garciavillullas.com\/index.php?rest_route=\/wp\/v2\/types\/page"}],"author":[{"embeddable":true,"href":"https:\/\/garciavillullas.com\/index.php?rest_route=\/wp\/v2\/users\/1"}],"replies":[{"embeddable":true,"href":"https:\/\/garciavillullas.com\/index.php?rest_route=%2Fwp%2Fv2%2Fcomments&post=177"}],"version-history":[{"count":5,"href":"https:\/\/garciavillullas.com\/index.php?rest_route=\/wp\/v2\/pages\/177\/revisions"}],"predecessor-version":[{"id":511,"href":"https:\/\/garciavillullas.com\/index.php?rest_route=\/wp\/v2\/pages\/177\/revisions\/511"}],"wp:attachment":[{"href":"https:\/\/garciavillullas.com\/index.php?rest_route=%2Fwp%2Fv2%2Fmedia&parent=177"}],"curies":[{"name":"wp","href":"https:\/\/api.w.org\/{rel}","templated":true}]}}