{"id":179,"date":"2017-08-23T11:15:16","date_gmt":"2017-08-23T11:15:16","guid":{"rendered":"http:\/\/garciavillullas.com\/?page_id=179"},"modified":"2017-09-06T18:28:01","modified_gmt":"2017-09-06T18:28:01","slug":"salud-colectivo","status":"publish","type":"page","link":"https:\/\/garciavillullas.com\/?page_id=179","title":{"rendered":"Salud Colectivo"},"content":{"rendered":"<p><img decoding=\"async\" class=\"aligncenter\" src=\"https:\/\/garciavillullas.com\/wp-content\/uploads\/2017\/09\/salud_colectivo.jpg\" alt=\"\" \/><\/p>\n<h2>Salud Colectivo<\/h2>\n<p><strong>\u00bfQu\u00e9 es?<\/strong><\/p>\n<p>Un seguro de Asistencia M\u00e9dica que complementa al sistema p\u00fablico porque cubre visitas a especialistas, pruebas diagn\u00f3sticas, cirug\u00eda, rehabilitaci\u00f3n&#8230; seguro dental y asistencia en viaje.<\/p>\n<p><strong>\u00bfPara qu\u00e9 sirve?<\/strong><\/p>\n<p>Para acceder a coberturas sanitarias, con tratamiento personalizado y listas de espera que favorece la productividad y reduce los ratios por bajas m\u00e9dicas.<\/p>\n<p><strong>\u00bfQui\u00e9n puede y debe contratarlo?<\/strong><\/p>\n<p>Cualquier empresa, con un m\u00ednimo de dos empleados, que desee ofrecer el seguro a la totalidad de su plantilla, o parte de ella. Tambi\u00e9n puede segmentar por tipos de producto.<\/p>\n<p><strong>\u00bfQu\u00e9 ventajas ofrece?<\/strong><br \/>\n\u2022 Primas lineales muy ventajosas, sin copagos adicionales.<br \/>\n\u2022 P\u00f3lizas sin carencias ni preexistencias, excepto para enfermedades graves y parto.<br \/>\n\u2022 Las aportaciones al seguro de salud son deducibles en el Impuesto de Sociedades y, adem\u00e1s, no suponen una retribuci\u00f3n en especie para el trabajador.<\/p>\n<p>El seguro de asistencia m\u00e9dica es la mejora social que m\u00e1s se demanda. Ofrece a los empleados y a sus familias asistencia primaria y especializada a trav\u00e9s del cuadro m\u00e9dico concertado. Tambi\u00e9n se puede contratar la opci\u00f3n de reembolso completo.<\/p>\n","protected":false},"excerpt":{"rendered":"<p>Salud Colectivo \u00bfQu\u00e9 es? Un seguro de Asistencia M\u00e9dica que complementa al sistema p\u00fablico porque cubre visitas a especialistas, pruebas diagn\u00f3sticas, cirug\u00eda, rehabilitaci\u00f3n&#8230; seguro dental y asistencia en viaje. \u00bfPara qu\u00e9 sirve? Para acceder a coberturas sanitarias, con tratamiento personalizado y listas de espera que favorece la productividad y reduce los ratios por bajas m\u00e9dicas. [&hellip;]<\/p>\n","protected":false},"author":1,"featured_media":0,"parent":0,"menu_order":0,"comment_status":"closed","ping_status":"closed","template":"fullwidth.php","meta":{"footnotes":""},"class_list":["post-179","page","type-page","status-publish","hentry"],"_links":{"self":[{"href":"https:\/\/garciavillullas.com\/index.php?rest_route=\/wp\/v2\/pages\/179","targetHints":{"allow":["GET"]}}],"collection":[{"href":"https:\/\/garciavillullas.com\/index.php?rest_route=\/wp\/v2\/pages"}],"about":[{"href":"https:\/\/garciavillullas.com\/index.php?rest_route=\/wp\/v2\/types\/page"}],"author":[{"embeddable":true,"href":"https:\/\/garciavillullas.com\/index.php?rest_route=\/wp\/v2\/users\/1"}],"replies":[{"embeddable":true,"href":"https:\/\/garciavillullas.com\/index.php?rest_route=%2Fwp%2Fv2%2Fcomments&post=179"}],"version-history":[{"count":2,"href":"https:\/\/garciavillullas.com\/index.php?rest_route=\/wp\/v2\/pages\/179\/revisions"}],"predecessor-version":[{"id":298,"href":"https:\/\/garciavillullas.com\/index.php?rest_route=\/wp\/v2\/pages\/179\/revisions\/298"}],"wp:attachment":[{"href":"https:\/\/garciavillullas.com\/index.php?rest_route=%2Fwp%2Fv2%2Fmedia&parent=179"}],"curies":[{"name":"wp","href":"https:\/\/api.w.org\/{rel}","templated":true}]}}