{"id":188,"date":"2017-08-23T11:23:54","date_gmt":"2017-08-23T11:23:54","guid":{"rendered":"http:\/\/garciavillullas.com\/?page_id=188"},"modified":"2017-10-09T16:12:34","modified_gmt":"2017-10-09T16:12:34","slug":"hogar-2","status":"publish","type":"page","link":"https:\/\/garciavillullas.com\/?page_id=188","title":{"rendered":"Seguro Hogar"},"content":{"rendered":"<p><img decoding=\"async\" class=\"aligncenter\" src=\"https:\/\/garciavillullas.com\/wp-content\/uploads\/2017\/09\/seguro_hogar.jpg\" alt=\"\" \/><\/p>\n<h2>Seguro Hogar<\/h2>\n<p><strong>\u00bfQu\u00e9 cubre el Seguro Hogar?<\/strong><\/p>\n<p>El Seguro de Hogar est\u00e1 dise\u00f1ado para garantizarte una protecci\u00f3n total frente a una amplia variedad de riesgos relativos a la vivienda y a las responsabilidades derivadas de las personas que la habitan. Como por ejemplo <strong>cubrimos al 100%<\/strong><em>:<br \/>\nLos da\u00f1os que se produzcan en la vivienda como consecuencia de incendio, agua, fen\u00f3menos atmosf\u00e9ricos y da\u00f1os el\u00e9ctricos.<br \/>\nLa rotura accidental de cristales y metacrilatos, placas vitrocer\u00e1micas, m\u00e1rmoles y otros materiales en el interior de la vivienda.<br \/>\nEl robo y el hurto en el interior de la vivienda, as\u00ed como el atraco fuera de ella, incluyendo el uso fraudulento de tus tarjetas de cr\u00e9dito.<br \/>\nLos da\u00f1os a los bienes asegurados causados por un hecho accidental cubierto en la modalidad contratada o las reparaciones necesarias en su defecto.<br \/>\nLos da\u00f1os est\u00e9ticos producidos por un siniestro cubierto, para dejar tu casa como antes.<br \/>\nLos da\u00f1os materiales o personales que puedas causar a terceras personas.<br \/>\nAsistencia para todo lo que puedas necesitar en tu hogar las 24h, cualquier d\u00eda del a\u00f1o.<\/em><br \/>\n&nbsp;<br \/>\nCons\u00faltanos<br \/>\n \n<div class=\"wpcf7 no-js\" id=\"wpcf7-f6-o1\" lang=\"es-ES\" dir=\"ltr\" data-wpcf7-id=\"6\">\n<div class=\"screen-reader-response\"><p role=\"status\" aria-live=\"polite\" aria-atomic=\"true\"><\/p> <ul><\/ul><\/div>\n<form action=\"\/index.php?rest_route=%2Fwp%2Fv2%2Fpages%2F188#wpcf7-f6-o1\" method=\"post\" class=\"wpcf7-form init\" aria-label=\"Formulario de contacto\" novalidate=\"novalidate\" data-status=\"init\">\n<fieldset class=\"hidden-fields-container\"><input type=\"hidden\" name=\"_wpcf7\" value=\"6\" \/><input type=\"hidden\" name=\"_wpcf7_version\" value=\"6.1.5\" \/><input type=\"hidden\" name=\"_wpcf7_locale\" value=\"es_ES\" \/><input type=\"hidden\" name=\"_wpcf7_unit_tag\" value=\"wpcf7-f6-o1\" \/><input type=\"hidden\" name=\"_wpcf7_container_post\" value=\"0\" \/><input type=\"hidden\" name=\"_wpcf7_posted_data_hash\" value=\"\" \/><input type=\"hidden\" name=\"_wpcf7_recaptcha_response\" value=\"\" \/>\n<\/fieldset>\n<p><label> Nombre (requerido)<br \/>\n<span class=\"wpcf7-form-control-wrap\" data-name=\"your-name\"><input size=\"40\" maxlength=\"400\" class=\"wpcf7-form-control wpcf7-text wpcf7-validates-as-required\" aria-required=\"true\" aria-invalid=\"false\" value=\"\" type=\"text\" name=\"your-name\" \/><\/span> <\/label>\n<\/p>\n<p><label> Tu correo electr\u00f3nico (requerido)<br \/>\n<span class=\"wpcf7-form-control-wrap\" data-name=\"your-email\"><input size=\"40\" maxlength=\"400\" class=\"wpcf7-form-control wpcf7-email wpcf7-validates-as-required wpcf7-text wpcf7-validates-as-email\" aria-required=\"true\" aria-invalid=\"false\" value=\"\" type=\"email\" name=\"your-email\" \/><\/span> <\/label>\n<\/p>\n<p><label> Mensaje<br \/>\n<span class=\"wpcf7-form-control-wrap\" data-name=\"your-message\"><textarea cols=\"40\" rows=\"10\" maxlength=\"2000\" class=\"wpcf7-form-control wpcf7-textarea\" aria-invalid=\"false\" name=\"your-message\"><\/textarea><\/span> <\/label>\n<\/p>\n<p><input class=\"wpcf7-form-control wpcf7-submit has-spinner\" type=\"submit\" value=\"Enviar\" \/>\n<\/p>\n<p style=\"display: none !important;\" class=\"akismet-fields-container\" data-prefix=\"_wpcf7_ak_\"><label>&#916;<textarea name=\"_wpcf7_ak_hp_textarea\" cols=\"45\" rows=\"8\" maxlength=\"100\"><\/textarea><\/label><input type=\"hidden\" id=\"ak_js_1\" name=\"_wpcf7_ak_js\" value=\"13\"\/><script type=\"text\/javascript\">\n\/* <![CDATA[ *\/\ndocument.getElementById( \"ak_js_1\" ).setAttribute( \"value\", ( new Date() ).getTime() );\n\/* ]]> *\/\n<\/script>\n<\/p><div class=\"wpcf7-response-output\" aria-hidden=\"true\"><\/div>\n<\/form>\n<\/div>\n\n","protected":false},"excerpt":{"rendered":"<p>Seguro Hogar \u00bfQu\u00e9 cubre el Seguro Hogar? El Seguro de Hogar est\u00e1 dise\u00f1ado para garantizarte una protecci\u00f3n total frente a una amplia variedad de riesgos relativos a la vivienda y a las responsabilidades derivadas de las personas que la habitan. Como por ejemplo cubrimos al 100%: Los da\u00f1os que se produzcan en la vivienda como [&hellip;]<\/p>\n","protected":false},"author":1,"featured_media":0,"parent":0,"menu_order":0,"comment_status":"closed","ping_status":"closed","template":"fullwidth.php","meta":{"footnotes":""},"class_list":["post-188","page","type-page","status-publish","hentry"],"_links":{"self":[{"href":"https:\/\/garciavillullas.com\/index.php?rest_route=\/wp\/v2\/pages\/188","targetHints":{"allow":["GET"]}}],"collection":[{"href":"https:\/\/garciavillullas.com\/index.php?rest_route=\/wp\/v2\/pages"}],"about":[{"href":"https:\/\/garciavillullas.com\/index.php?rest_route=\/wp\/v2\/types\/page"}],"author":[{"embeddable":true,"href":"https:\/\/garciavillullas.com\/index.php?rest_route=\/wp\/v2\/users\/1"}],"replies":[{"embeddable":true,"href":"https:\/\/garciavillullas.com\/index.php?rest_route=%2Fwp%2Fv2%2Fcomments&post=188"}],"version-history":[{"count":9,"href":"https:\/\/garciavillullas.com\/index.php?rest_route=\/wp\/v2\/pages\/188\/revisions"}],"predecessor-version":[{"id":415,"href":"https:\/\/garciavillullas.com\/index.php?rest_route=\/wp\/v2\/pages\/188\/revisions\/415"}],"wp:attachment":[{"href":"https:\/\/garciavillullas.com\/index.php?rest_route=%2Fwp%2Fv2%2Fmedia&parent=188"}],"curies":[{"name":"wp","href":"https:\/\/api.w.org\/{rel}","templated":true}]}}