{"id":225,"date":"2017-08-24T15:23:27","date_gmt":"2017-08-24T15:23:27","guid":{"rendered":"http:\/\/garciavillullas.com\/?page_id=225"},"modified":"2017-11-17T17:18:06","modified_gmt":"2017-11-17T17:18:06","slug":"mercancias","status":"publish","type":"page","link":"https:\/\/garciavillullas.com\/?page_id=225","title":{"rendered":"Mercanc\u00edas"},"content":{"rendered":"<p><img loading=\"lazy\" decoding=\"async\" class=\"wp-image-560  aligncenter\" src=\"https:\/\/garciavillullas.com\/wp-content\/uploads\/2017\/08\/Seguro-Mercanc\u00edas.jpg\" alt=\"\" width=\"461\" height=\"265\" srcset=\"https:\/\/garciavillullas.com\/wp-content\/uploads\/2017\/08\/Seguro-Mercanc\u00edas.jpg 400w, https:\/\/garciavillullas.com\/wp-content\/uploads\/2017\/08\/Seguro-Mercanc\u00edas-300x173.jpg 300w\" sizes=\"auto, (max-width: 461px) 100vw, 461px\" \/><\/p>\n<h1 style=\"text-align: center;\"><strong>SEGURO MERCANC\u00cdAS<\/strong><\/h1>\n<p><strong>\u00bfQu\u00e9 es?<\/strong><\/p>\n<p>Un seguro de transporte de mercanc\u00edas repleto de facilidades, para llevar la carga a su destino sin problemas.<\/p>\n<p><strong>\u00bfPara qu\u00e9 sirve?<\/strong><\/p>\n<p>Para facilitar a los peque\u00f1os y medianos transportistas y propietarios de carga, las garant\u00edas y coberturas necesarias para realizar el transporte m\u00e1s seguro de sus mercanc\u00edas.<\/p>\n<p><strong>\u00bfQui\u00e9n puede y debe contratarlo?<\/strong><\/p>\n<p>Cualquier transportista o propietario de carga que se mueva en estos par\u00e1metros: que la suma m\u00e1xima<\/p>\n<p>asegurada sea de 60.000\u20ac y que la facturaci\u00f3n anual m\u00e1xima sea de 1.000.000\u20ac.<\/p>\n<p><strong>\u00bfQu\u00e9 ventajas ofrece?<\/strong><\/p>\n<p>Su \u00a0contrataci\u00f3n \u00a0es \u00a0muy \u00a0sencilla. S\u00f3lo \u00a0se\u00a0 requieren \u00a0unos \u00a0pocos \u00a0datos \u00a0para \u00a0la\u00a0\u00a0 emisi\u00f3n. Ofrece\u00a0 dos modalidades de contrataci\u00f3n y la tarifa es muy competitiva al estar las primas especialmente ajustadas al segmento de negocio al que se dirige.<\/p>\n<p>Se puede incluir una cobertura exclusiva para los conductores del veh\u00edculo que transporta las mercanc\u00edas en caso de fallecimiento por accidente de circulaci\u00f3n.<\/p>\n<p>Ofrece \u00a0la \u00a0cobertura \u00a0de\u00a0 Responsabilidad \u00a0Civil \u00a0por\u00a0 los \u00a0da\u00f1os \u00a0causados por la mercanc\u00eda transportada.<\/p>\n<p>Asimismo, protege contra p\u00e9rdidas de facturaci\u00f3n del flete por accidente del medio de transporte terrestre.<\/p>\n<p>Este seguro dispone de una amplia gama de coberturas espec\u00edficas para asegurar los da\u00f1os o p\u00e9rdidas sufridas por la mercanc\u00eda transportada.<\/p>\n<p>Cons\u00faltanos<br \/>\n\n<div class=\"wpcf7 no-js\" id=\"wpcf7-f6-o1\" lang=\"es-ES\" dir=\"ltr\" data-wpcf7-id=\"6\">\n<div class=\"screen-reader-response\"><p role=\"status\" aria-live=\"polite\" aria-atomic=\"true\"><\/p> <ul><\/ul><\/div>\n<form action=\"\/index.php?rest_route=%2Fwp%2Fv2%2Fpages%2F225#wpcf7-f6-o1\" method=\"post\" class=\"wpcf7-form init\" aria-label=\"Formulario de contacto\" novalidate=\"novalidate\" data-status=\"init\">\n<fieldset class=\"hidden-fields-container\"><input type=\"hidden\" name=\"_wpcf7\" value=\"6\" \/><input type=\"hidden\" name=\"_wpcf7_version\" value=\"6.1.6\" \/><input type=\"hidden\" name=\"_wpcf7_locale\" value=\"es_ES\" \/><input type=\"hidden\" name=\"_wpcf7_unit_tag\" value=\"wpcf7-f6-o1\" \/><input type=\"hidden\" name=\"_wpcf7_container_post\" value=\"0\" \/><input type=\"hidden\" name=\"_wpcf7_posted_data_hash\" value=\"\" \/><input type=\"hidden\" name=\"_wpcf7_recaptcha_response\" value=\"\" \/>\n<\/fieldset>\n<p><label> Nombre (requerido)<br \/>\n<span class=\"wpcf7-form-control-wrap\" data-name=\"your-name\"><input size=\"40\" maxlength=\"400\" class=\"wpcf7-form-control wpcf7-text wpcf7-validates-as-required\" aria-required=\"true\" aria-invalid=\"false\" value=\"\" type=\"text\" name=\"your-name\" \/><\/span> <\/label>\n<\/p>\n<p><label> Tu correo electr\u00f3nico (requerido)<br \/>\n<span class=\"wpcf7-form-control-wrap\" data-name=\"your-email\"><input size=\"40\" maxlength=\"400\" class=\"wpcf7-form-control wpcf7-email wpcf7-validates-as-required wpcf7-text wpcf7-validates-as-email\" aria-required=\"true\" aria-invalid=\"false\" value=\"\" type=\"email\" name=\"your-email\" \/><\/span> <\/label>\n<\/p>\n<p><label> Mensaje<br \/>\n<span class=\"wpcf7-form-control-wrap\" data-name=\"your-message\"><textarea cols=\"40\" rows=\"10\" maxlength=\"2000\" class=\"wpcf7-form-control wpcf7-textarea\" aria-invalid=\"false\" name=\"your-message\"><\/textarea><\/span> <\/label>\n<\/p>\n<p><input class=\"wpcf7-form-control wpcf7-submit has-spinner\" type=\"submit\" value=\"Enviar\" \/>\n<\/p>\n<p style=\"display: none !important;\" class=\"akismet-fields-container\" data-prefix=\"_wpcf7_ak_\"><label>&#916;<textarea name=\"_wpcf7_ak_hp_textarea\" cols=\"45\" rows=\"8\" maxlength=\"100\"><\/textarea><\/label><input type=\"hidden\" id=\"ak_js_1\" name=\"_wpcf7_ak_js\" value=\"90\"\/><script type=\"text\/javascript\">\n\/* <![CDATA[ *\/\ndocument.getElementById( \"ak_js_1\" ).setAttribute( \"value\", ( new Date() ).getTime() );\n\/* ]]> *\/\n<\/script>\n<\/p><div class=\"wpcf7-response-output\" aria-hidden=\"true\"><\/div>\n<\/form>\n<\/div>\n\n","protected":false},"excerpt":{"rendered":"<p>SEGURO MERCANC\u00cdAS \u00bfQu\u00e9 es? Un seguro de transporte de mercanc\u00edas repleto de facilidades, para llevar la carga a su destino sin problemas. \u00bfPara qu\u00e9 sirve? Para facilitar a los peque\u00f1os y medianos transportistas y propietarios de carga, las garant\u00edas y coberturas necesarias para realizar el transporte m\u00e1s seguro de sus mercanc\u00edas. \u00bfQui\u00e9n puede y debe [&hellip;]<\/p>\n","protected":false},"author":1,"featured_media":0,"parent":0,"menu_order":0,"comment_status":"closed","ping_status":"closed","template":"fullwidth.php","meta":{"footnotes":""},"class_list":["post-225","page","type-page","status-publish","hentry"],"_links":{"self":[{"href":"https:\/\/garciavillullas.com\/index.php?rest_route=\/wp\/v2\/pages\/225","targetHints":{"allow":["GET"]}}],"collection":[{"href":"https:\/\/garciavillullas.com\/index.php?rest_route=\/wp\/v2\/pages"}],"about":[{"href":"https:\/\/garciavillullas.com\/index.php?rest_route=\/wp\/v2\/types\/page"}],"author":[{"embeddable":true,"href":"https:\/\/garciavillullas.com\/index.php?rest_route=\/wp\/v2\/users\/1"}],"replies":[{"embeddable":true,"href":"https:\/\/garciavillullas.com\/index.php?rest_route=%2Fwp%2Fv2%2Fcomments&post=225"}],"version-history":[{"count":8,"href":"https:\/\/garciavillullas.com\/index.php?rest_route=\/wp\/v2\/pages\/225\/revisions"}],"predecessor-version":[{"id":562,"href":"https:\/\/garciavillullas.com\/index.php?rest_route=\/wp\/v2\/pages\/225\/revisions\/562"}],"wp:attachment":[{"href":"https:\/\/garciavillullas.com\/index.php?rest_route=%2Fwp%2Fv2%2Fmedia&parent=225"}],"curies":[{"name":"wp","href":"https:\/\/api.w.org\/{rel}","templated":true}]}}