{"id":227,"date":"2017-08-24T15:23:37","date_gmt":"2017-08-24T15:23:37","guid":{"rendered":"http:\/\/garciavillullas.com\/?page_id=227"},"modified":"2017-10-15T18:16:32","modified_gmt":"2017-10-15T18:16:32","slug":"equipos-electronicos","status":"publish","type":"page","link":"https:\/\/garciavillullas.com\/?page_id=227","title":{"rendered":"Equipos Electr\u00f3nicos"},"content":{"rendered":"<p><img loading=\"lazy\" decoding=\"async\" class=\"wp-image-468 aligncenter\" src=\"https:\/\/garciavillullas.com\/wp-content\/uploads\/2017\/10\/equiposelectronicos.jpg\" alt=\"equipos electr\u00f3nicos\" width=\"878\" height=\"435\" srcset=\"https:\/\/garciavillullas.com\/wp-content\/uploads\/2017\/10\/equiposelectronicos.jpg 571w, https:\/\/garciavillullas.com\/wp-content\/uploads\/2017\/10\/equiposelectronicos-300x149.jpg 300w\" sizes=\"auto, (max-width: 878px) 100vw, 878px\" \/><\/p>\n<h2 style=\"text-align: center;\"><strong>EQUIPOS ELECTR\u00d3NICOS<\/strong><\/h2>\n<p>&nbsp;<\/p>\n<p>Soluci\u00f3n aseguradora que permite dar cobertura a los da\u00f1os materiales ocasionados a los equipos electr\u00f3nicos en general (Equipos de Procesamiento de Datos, Electromedicina, Artes Gr\u00e1ficas) por da\u00f1os accidentales.<\/p>\n<p>&nbsp;<\/p>\n<p>Est\u00e1 dirigido a todas las personas f\u00edsicas o jur\u00eddicas que tengan inter\u00e9s en proteger los equipos, as\u00ed como a las Entidades Financieras para garantizar los equipos financiados a particulares y\/o empresas.<\/p>\n<p>&nbsp;<\/p>\n<p>Complementa las coberturas otorgadas por el fabricante durante el periodo de garant\u00eda del mismo. \u00a0\u00a0\u00a0\u00a0\u00a0\u00a0Ej. Da\u00f1o negligente o intencionado, derrame de l\u00edquidos y otros da\u00f1os accidentales que no cubre la garant\u00eda del fabricante.<\/p>\n<p>Coberturas <strong>B\u00c1SICAS<\/strong><\/p>\n<ul>\n<li>Todo Riesgo de Da\u00f1os materiales<\/li>\n<li>Riesgos extraordinarios seg\u00fan Consorcio Compensaci\u00f3n de Seguros<\/li>\n<\/ul>\n<p>Coberturas <strong>OPCIONALES<\/strong><\/p>\n<ul>\n<li>Gastos adicionales (solamente para equipos de procesamiento de datos):<\/li>\n<\/ul>\n<p>-Incremento coste de las operaciones<\/p>\n<p>-Gastos de reobtenci\u00f3n y reimpresi\u00f3n de datos<\/p>\n<ul>\n<li>Garant\u00edas complementarias:<\/li>\n<\/ul>\n<p>-Incremento coste del contrato de alquiler<\/p>\n<p>-Falta de suministro p\u00fablico de energ\u00eda el\u00e9ctrica<\/p>\n<p>Cons\u00faltanos<br \/>\n\n<div class=\"wpcf7 no-js\" id=\"wpcf7-f6-o1\" lang=\"es-ES\" dir=\"ltr\" data-wpcf7-id=\"6\">\n<div class=\"screen-reader-response\"><p role=\"status\" aria-live=\"polite\" aria-atomic=\"true\"><\/p> <ul><\/ul><\/div>\n<form action=\"\/index.php?rest_route=%2Fwp%2Fv2%2Fpages%2F227#wpcf7-f6-o1\" method=\"post\" class=\"wpcf7-form init\" aria-label=\"Formulario de contacto\" novalidate=\"novalidate\" data-status=\"init\">\n<fieldset class=\"hidden-fields-container\"><input type=\"hidden\" name=\"_wpcf7\" value=\"6\" \/><input type=\"hidden\" name=\"_wpcf7_version\" value=\"6.1.5\" \/><input type=\"hidden\" name=\"_wpcf7_locale\" value=\"es_ES\" \/><input type=\"hidden\" name=\"_wpcf7_unit_tag\" value=\"wpcf7-f6-o1\" \/><input type=\"hidden\" name=\"_wpcf7_container_post\" value=\"0\" \/><input type=\"hidden\" name=\"_wpcf7_posted_data_hash\" value=\"\" \/><input type=\"hidden\" name=\"_wpcf7_recaptcha_response\" value=\"\" \/>\n<\/fieldset>\n<p><label> Nombre (requerido)<br \/>\n<span class=\"wpcf7-form-control-wrap\" data-name=\"your-name\"><input size=\"40\" maxlength=\"400\" class=\"wpcf7-form-control wpcf7-text wpcf7-validates-as-required\" aria-required=\"true\" aria-invalid=\"false\" value=\"\" type=\"text\" name=\"your-name\" \/><\/span> <\/label>\n<\/p>\n<p><label> Tu correo electr\u00f3nico (requerido)<br \/>\n<span class=\"wpcf7-form-control-wrap\" data-name=\"your-email\"><input size=\"40\" maxlength=\"400\" class=\"wpcf7-form-control wpcf7-email wpcf7-validates-as-required wpcf7-text wpcf7-validates-as-email\" aria-required=\"true\" aria-invalid=\"false\" value=\"\" type=\"email\" name=\"your-email\" \/><\/span> <\/label>\n<\/p>\n<p><label> Mensaje<br \/>\n<span class=\"wpcf7-form-control-wrap\" data-name=\"your-message\"><textarea cols=\"40\" rows=\"10\" maxlength=\"2000\" class=\"wpcf7-form-control wpcf7-textarea\" aria-invalid=\"false\" name=\"your-message\"><\/textarea><\/span> <\/label>\n<\/p>\n<p><input class=\"wpcf7-form-control wpcf7-submit has-spinner\" type=\"submit\" value=\"Enviar\" \/>\n<\/p>\n<p style=\"display: none !important;\" class=\"akismet-fields-container\" data-prefix=\"_wpcf7_ak_\"><label>&#916;<textarea name=\"_wpcf7_ak_hp_textarea\" cols=\"45\" rows=\"8\" maxlength=\"100\"><\/textarea><\/label><input type=\"hidden\" id=\"ak_js_1\" name=\"_wpcf7_ak_js\" value=\"134\"\/><script type=\"text\/javascript\">\n\/* <![CDATA[ *\/\ndocument.getElementById( \"ak_js_1\" ).setAttribute( \"value\", ( new Date() ).getTime() );\n\/* ]]> *\/\n<\/script>\n<\/p><div class=\"wpcf7-response-output\" aria-hidden=\"true\"><\/div>\n<\/form>\n<\/div>\n\n","protected":false},"excerpt":{"rendered":"<p>EQUIPOS ELECTR\u00d3NICOS &nbsp; Soluci\u00f3n aseguradora que permite dar cobertura a los da\u00f1os materiales ocasionados a los equipos electr\u00f3nicos en general (Equipos de Procesamiento de Datos, Electromedicina, Artes Gr\u00e1ficas) por da\u00f1os accidentales. &nbsp; Est\u00e1 dirigido a todas las personas f\u00edsicas o jur\u00eddicas que tengan inter\u00e9s en proteger los equipos, as\u00ed como a las Entidades Financieras para [&hellip;]<\/p>\n","protected":false},"author":1,"featured_media":0,"parent":0,"menu_order":0,"comment_status":"closed","ping_status":"closed","template":"fullwidth.php","meta":{"footnotes":""},"class_list":["post-227","page","type-page","status-publish","hentry"],"_links":{"self":[{"href":"https:\/\/garciavillullas.com\/index.php?rest_route=\/wp\/v2\/pages\/227","targetHints":{"allow":["GET"]}}],"collection":[{"href":"https:\/\/garciavillullas.com\/index.php?rest_route=\/wp\/v2\/pages"}],"about":[{"href":"https:\/\/garciavillullas.com\/index.php?rest_route=\/wp\/v2\/types\/page"}],"author":[{"embeddable":true,"href":"https:\/\/garciavillullas.com\/index.php?rest_route=\/wp\/v2\/users\/1"}],"replies":[{"embeddable":true,"href":"https:\/\/garciavillullas.com\/index.php?rest_route=%2Fwp%2Fv2%2Fcomments&post=227"}],"version-history":[{"count":5,"href":"https:\/\/garciavillullas.com\/index.php?rest_route=\/wp\/v2\/pages\/227\/revisions"}],"predecessor-version":[{"id":471,"href":"https:\/\/garciavillullas.com\/index.php?rest_route=\/wp\/v2\/pages\/227\/revisions\/471"}],"wp:attachment":[{"href":"https:\/\/garciavillullas.com\/index.php?rest_route=%2Fwp%2Fv2%2Fmedia&parent=227"}],"curies":[{"name":"wp","href":"https:\/\/api.w.org\/{rel}","templated":true}]}}