{"id":229,"date":"2017-08-24T15:23:46","date_gmt":"2017-08-24T15:23:46","guid":{"rendered":"http:\/\/garciavillullas.com\/?page_id=229"},"modified":"2017-11-17T17:19:34","modified_gmt":"2017-11-17T17:19:34","slug":"averia-de-maquinaria","status":"publish","type":"page","link":"https:\/\/garciavillullas.com\/?page_id=229","title":{"rendered":"Aver\u00eda de Maquinaria"},"content":{"rendered":"<p><img loading=\"lazy\" decoding=\"async\" class=\"wp-image-563  aligncenter\" src=\"https:\/\/garciavillullas.com\/wp-content\/uploads\/2017\/08\/Aver\u00eda-de-Maquinaria.jpg\" alt=\"\" width=\"490\" height=\"245\" srcset=\"https:\/\/garciavillullas.com\/wp-content\/uploads\/2017\/08\/Aver\u00eda-de-Maquinaria.jpg 650w, https:\/\/garciavillullas.com\/wp-content\/uploads\/2017\/08\/Aver\u00eda-de-Maquinaria-300x150.jpg 300w\" sizes=\"auto, (max-width: 490px) 100vw, 490px\" \/><\/p>\n<h2 style=\"text-align: center;\"><strong>AVER\u00cdA MAQUINARIA<\/strong><\/h2>\n<p>Es una soluci\u00f3n aseguradora que permite dar cobertura a los da\u00f1os materiales ocasionados al conjunto de aparatos, m\u00e1quinas, instalaciones y equipos mec\u00e1nicos fijos de una industria o m\u00e1quinas individuales, bien sean est\u00e1ticas o m\u00f3viles, sean nuevas o usadas, as\u00ed como maquinaria e instalaciones de generaci\u00f3n y distribuci\u00f3n de energ\u00eda, y maquinaria y equipo del contratista.<\/p>\n<p>&nbsp;<\/p>\n<p>Existen dos modalidades de este seguro:<\/p>\n<ul>\n<li>Garant\u00eda de Da\u00f1os Internos (para maquinaria fija).<\/li>\n<li>Garant\u00eda de Da\u00f1os Externos (para maquinaria m\u00f3vil).<\/li>\n<\/ul>\n<p>En caso de maquinaria en Leasing es posible dar cobertura a las dos modalidades en una misma p\u00f3liza.<\/p>\n<p><strong>\u00a0<\/strong><\/p>\n<p>Garant\u00eda de Da\u00f1os <strong>Internos<\/strong>.\u00a0\u00a0\u00a0\u00a0\u00a0\u00a0\u00a0\u00a0 Coberturas <strong>B\u00c1SICAS<\/strong><\/p>\n<ul>\n<li>Impericia, negligencia o actos malintencionados; Acci\u00f3n directa de la energ\u00eda el\u00e9ctrica; Errores de dise\u00f1o, c\u00e1lculo o montaje, defectos de fundici\u00f3n de material, de construcci\u00f3n, de mano de obra y empleo de materiales defectuosos; Fallo en los dispositivos de regulaci\u00f3n y Otros hechos no excluidos.<\/li>\n<\/ul>\n<p>Coberturas <strong>OPCIONALES<\/strong><\/p>\n<ul>\n<li>Remuneraci\u00f3n de trabajos efectuados en horas extraordinarias, domingos, d\u00edas festivos y por la noche; Gastos de transporte con tarifas de urgencia de las piezas de repuesto; Cobertura de p\u00e9rdida de beneficios por rotura de maquinaria (Margen Bruto o Gastos permanentes); Cobertura deterioro de mercanc\u00edas refrigeradas<\/li>\n<\/ul>\n<p>Garant\u00eda de Da\u00f1os <strong>Externos.<\/strong>\u00a0\u00a0\u00a0\u00a0\u00a0\u00a0\u00a0 Coberturas<strong> B\u00c1SICAS<\/strong><\/p>\n<ul>\n<li>Incendio, explosi\u00f3n, impacto directo rayo; Robo y expoliaci\u00f3n; Hundimiento o desprendimiento de terrenos, inundaciones, nieve, vientos; Hechos malintencionados de terceros que no tengan car\u00e1cter pol\u00edtico-social; Golpes, vuelcos, ca\u00edda, choque; Gastos horas extra, trabajo nocturno y flete a\u00e9reo; Riesgos extraordinarios seg\u00fan C.C.S.S.<\/li>\n<\/ul>\n<p>Coberturas <strong>OPCIONALES<\/strong><\/p>\n<ul>\n<li>Circulaci\u00f3n por eje propio; Gastos de salvamento<\/li>\n<\/ul>\n<p>Cons\u00faltanos<br \/>\n\n<div class=\"wpcf7 no-js\" id=\"wpcf7-f6-o1\" lang=\"es-ES\" dir=\"ltr\" data-wpcf7-id=\"6\">\n<div class=\"screen-reader-response\"><p role=\"status\" aria-live=\"polite\" aria-atomic=\"true\"><\/p> <ul><\/ul><\/div>\n<form action=\"\/index.php?rest_route=%2Fwp%2Fv2%2Fpages%2F229#wpcf7-f6-o1\" method=\"post\" class=\"wpcf7-form init\" aria-label=\"Formulario de contacto\" novalidate=\"novalidate\" data-status=\"init\">\n<fieldset class=\"hidden-fields-container\"><input type=\"hidden\" name=\"_wpcf7\" value=\"6\" \/><input type=\"hidden\" name=\"_wpcf7_version\" value=\"6.1.6\" \/><input type=\"hidden\" name=\"_wpcf7_locale\" value=\"es_ES\" \/><input type=\"hidden\" name=\"_wpcf7_unit_tag\" value=\"wpcf7-f6-o1\" \/><input type=\"hidden\" name=\"_wpcf7_container_post\" value=\"0\" \/><input type=\"hidden\" name=\"_wpcf7_posted_data_hash\" value=\"\" \/><input type=\"hidden\" name=\"_wpcf7_recaptcha_response\" value=\"\" \/>\n<\/fieldset>\n<p><label> Nombre (requerido)<br \/>\n<span class=\"wpcf7-form-control-wrap\" data-name=\"your-name\"><input size=\"40\" maxlength=\"400\" class=\"wpcf7-form-control wpcf7-text wpcf7-validates-as-required\" aria-required=\"true\" aria-invalid=\"false\" value=\"\" type=\"text\" name=\"your-name\" \/><\/span> <\/label>\n<\/p>\n<p><label> Tu correo electr\u00f3nico (requerido)<br \/>\n<span class=\"wpcf7-form-control-wrap\" data-name=\"your-email\"><input size=\"40\" maxlength=\"400\" class=\"wpcf7-form-control wpcf7-email wpcf7-validates-as-required wpcf7-text wpcf7-validates-as-email\" aria-required=\"true\" aria-invalid=\"false\" value=\"\" type=\"email\" name=\"your-email\" \/><\/span> <\/label>\n<\/p>\n<p><label> Mensaje<br \/>\n<span class=\"wpcf7-form-control-wrap\" data-name=\"your-message\"><textarea cols=\"40\" rows=\"10\" maxlength=\"2000\" class=\"wpcf7-form-control wpcf7-textarea\" aria-invalid=\"false\" name=\"your-message\"><\/textarea><\/span> <\/label>\n<\/p>\n<p><input class=\"wpcf7-form-control wpcf7-submit has-spinner\" type=\"submit\" value=\"Enviar\" \/>\n<\/p>\n<p style=\"display: none !important;\" class=\"akismet-fields-container\" data-prefix=\"_wpcf7_ak_\"><label>&#916;<textarea name=\"_wpcf7_ak_hp_textarea\" cols=\"45\" rows=\"8\" maxlength=\"100\"><\/textarea><\/label><input type=\"hidden\" id=\"ak_js_1\" name=\"_wpcf7_ak_js\" value=\"9\"\/><script type=\"text\/javascript\">\n\/* <![CDATA[ *\/\ndocument.getElementById( \"ak_js_1\" ).setAttribute( \"value\", ( new Date() ).getTime() );\n\/* ]]> *\/\n<\/script>\n<\/p><div class=\"wpcf7-response-output\" aria-hidden=\"true\"><\/div>\n<\/form>\n<\/div>\n\n","protected":false},"excerpt":{"rendered":"<p>AVER\u00cdA MAQUINARIA Es una soluci\u00f3n aseguradora que permite dar cobertura a los da\u00f1os materiales ocasionados al conjunto de aparatos, m\u00e1quinas, instalaciones y equipos mec\u00e1nicos fijos de una industria o m\u00e1quinas individuales, bien sean est\u00e1ticas o m\u00f3viles, sean nuevas o usadas, as\u00ed como maquinaria e instalaciones de generaci\u00f3n y distribuci\u00f3n de energ\u00eda, y maquinaria y equipo [&hellip;]<\/p>\n","protected":false},"author":1,"featured_media":0,"parent":0,"menu_order":0,"comment_status":"closed","ping_status":"closed","template":"fullwidth.php","meta":{"footnotes":""},"class_list":["post-229","page","type-page","status-publish","hentry"],"_links":{"self":[{"href":"https:\/\/garciavillullas.com\/index.php?rest_route=\/wp\/v2\/pages\/229","targetHints":{"allow":["GET"]}}],"collection":[{"href":"https:\/\/garciavillullas.com\/index.php?rest_route=\/wp\/v2\/pages"}],"about":[{"href":"https:\/\/garciavillullas.com\/index.php?rest_route=\/wp\/v2\/types\/page"}],"author":[{"embeddable":true,"href":"https:\/\/garciavillullas.com\/index.php?rest_route=\/wp\/v2\/users\/1"}],"replies":[{"embeddable":true,"href":"https:\/\/garciavillullas.com\/index.php?rest_route=%2Fwp%2Fv2%2Fcomments&post=229"}],"version-history":[{"count":6,"href":"https:\/\/garciavillullas.com\/index.php?rest_route=\/wp\/v2\/pages\/229\/revisions"}],"predecessor-version":[{"id":564,"href":"https:\/\/garciavillullas.com\/index.php?rest_route=\/wp\/v2\/pages\/229\/revisions\/564"}],"wp:attachment":[{"href":"https:\/\/garciavillullas.com\/index.php?rest_route=%2Fwp%2Fv2%2Fmedia&parent=229"}],"curies":[{"name":"wp","href":"https:\/\/api.w.org\/{rel}","templated":true}]}}