{"id":235,"date":"2017-08-24T15:24:25","date_gmt":"2017-08-24T15:24:25","guid":{"rendered":"http:\/\/garciavillullas.com\/?page_id=235"},"modified":"2017-10-24T17:50:07","modified_gmt":"2017-10-24T17:50:07","slug":"responsabilidad-civil","status":"publish","type":"page","link":"https:\/\/garciavillullas.com\/?page_id=235","title":{"rendered":"Responsabilidad Civil"},"content":{"rendered":"<h2 style=\"text-align: center;\"><img loading=\"lazy\" decoding=\"async\" class=\" wp-image-290 aligncenter\" src=\"https:\/\/garciavillullas.com\/wp-content\/uploads\/2017\/09\/responsabilidad_civil.jpg\" alt=\"\" width=\"660\" height=\"264\" srcset=\"https:\/\/garciavillullas.com\/wp-content\/uploads\/2017\/09\/responsabilidad_civil.jpg 571w, https:\/\/garciavillullas.com\/wp-content\/uploads\/2017\/09\/responsabilidad_civil-300x119.jpg 300w\" sizes=\"auto, (max-width: 660px) 100vw, 660px\" \/><br \/>\nSEGURO DE RESPONSABILIDAD CIVIL<\/h2>\n<p><strong>\u00bfQu\u00e9 es?<\/strong><\/p>\n<p>Es un seguro completo por la diversidad y amplitud de sus coberturas y flexible para adecuarse a las necesidades concretas de cada cliente. Ofrece coberturas para hacer frente a las reclamaciones por da\u00f1os sobre bienes de terceros.<\/p>\n<p><strong>\u00bfPara qu\u00e9 sirve?<\/strong><\/p>\n<p>Est\u00e1 orientado a garantizar la m\u00e1xima protecci\u00f3n ante reclamaciones de terceros en cualquier sector de la econom\u00eda productiva, incluyendo actividades profesionales, recreativas y de ocio.<\/p>\n<p><strong>\u00bfQui\u00e9n puede y debe contratarlo?<\/strong><\/p>\n<p>Cualquier empresa cuya facturaci\u00f3n est\u00e9 por debajo de los 15.000.000\u20ac, y que desarrolle su actividad en los <a href=\"#\">sectores tradicionales de la industria y el comercio, el sector agropecuario, la construcci\u00f3n, el ocio e incluso la vida profesional y privada<\/a>.<\/p>\n<p><strong>\u00bfQu\u00e9 ventajas ofrece?<\/strong><\/p>\n<p>M\u00e1s de 400 categor\u00edas de riesgo, sumas aseguradas hasta 1.250.000\u20ac, victima general sin subl\u00edmite y en patronal y cruzada hasta 300.000\u20ac, y gran amplitud en garant\u00edas RC profesional, locativa, productos, uni\u00f3n y mezcla..<br \/>\nCubre la responsabilidad de la empresa ante los trabajadores y sus familiares en caso de accidente laboral.<\/p>\n<p>Mantiene la viabilidad econ\u00f3mica de la empresa ante las reclamaciones de terceros por la responsabilidad derivada de la actividad, de los productos o de los trabajos realizados.<\/p>\n<p>Cons\u00faltanos<br \/>\n\n<div class=\"wpcf7 no-js\" id=\"wpcf7-f6-o1\" lang=\"es-ES\" dir=\"ltr\" data-wpcf7-id=\"6\">\n<div class=\"screen-reader-response\"><p role=\"status\" aria-live=\"polite\" aria-atomic=\"true\"><\/p> <ul><\/ul><\/div>\n<form action=\"\/index.php?rest_route=%2Fwp%2Fv2%2Fpages%2F235#wpcf7-f6-o1\" method=\"post\" class=\"wpcf7-form init\" aria-label=\"Formulario de contacto\" novalidate=\"novalidate\" data-status=\"init\">\n<fieldset class=\"hidden-fields-container\"><input type=\"hidden\" name=\"_wpcf7\" value=\"6\" \/><input type=\"hidden\" name=\"_wpcf7_version\" value=\"6.1.5\" \/><input type=\"hidden\" name=\"_wpcf7_locale\" value=\"es_ES\" \/><input type=\"hidden\" name=\"_wpcf7_unit_tag\" value=\"wpcf7-f6-o1\" \/><input type=\"hidden\" name=\"_wpcf7_container_post\" value=\"0\" \/><input type=\"hidden\" name=\"_wpcf7_posted_data_hash\" value=\"\" \/><input type=\"hidden\" name=\"_wpcf7_recaptcha_response\" value=\"\" \/>\n<\/fieldset>\n<p><label> Nombre (requerido)<br \/>\n<span class=\"wpcf7-form-control-wrap\" data-name=\"your-name\"><input size=\"40\" maxlength=\"400\" class=\"wpcf7-form-control wpcf7-text wpcf7-validates-as-required\" aria-required=\"true\" aria-invalid=\"false\" value=\"\" type=\"text\" name=\"your-name\" \/><\/span> <\/label>\n<\/p>\n<p><label> Tu correo electr\u00f3nico (requerido)<br \/>\n<span class=\"wpcf7-form-control-wrap\" data-name=\"your-email\"><input size=\"40\" maxlength=\"400\" class=\"wpcf7-form-control wpcf7-email wpcf7-validates-as-required wpcf7-text wpcf7-validates-as-email\" aria-required=\"true\" aria-invalid=\"false\" value=\"\" type=\"email\" name=\"your-email\" \/><\/span> <\/label>\n<\/p>\n<p><label> Mensaje<br \/>\n<span class=\"wpcf7-form-control-wrap\" data-name=\"your-message\"><textarea cols=\"40\" rows=\"10\" maxlength=\"2000\" class=\"wpcf7-form-control wpcf7-textarea\" aria-invalid=\"false\" name=\"your-message\"><\/textarea><\/span> <\/label>\n<\/p>\n<p><input class=\"wpcf7-form-control wpcf7-submit has-spinner\" type=\"submit\" value=\"Enviar\" \/>\n<\/p>\n<p style=\"display: none !important;\" class=\"akismet-fields-container\" data-prefix=\"_wpcf7_ak_\"><label>&#916;<textarea name=\"_wpcf7_ak_hp_textarea\" cols=\"45\" rows=\"8\" maxlength=\"100\"><\/textarea><\/label><input type=\"hidden\" id=\"ak_js_1\" name=\"_wpcf7_ak_js\" value=\"71\"\/><script type=\"text\/javascript\">\n\/* <![CDATA[ *\/\ndocument.getElementById( \"ak_js_1\" ).setAttribute( \"value\", ( new Date() ).getTime() );\n\/* ]]> *\/\n<\/script>\n<\/p><div class=\"wpcf7-response-output\" aria-hidden=\"true\"><\/div>\n<\/form>\n<\/div>\n\n","protected":false},"excerpt":{"rendered":"<p>SEGURO DE RESPONSABILIDAD CIVIL \u00bfQu\u00e9 es? Es un seguro completo por la diversidad y amplitud de sus coberturas y flexible para adecuarse a las necesidades concretas de cada cliente. Ofrece coberturas para hacer frente a las reclamaciones por da\u00f1os sobre bienes de terceros. \u00bfPara qu\u00e9 sirve? Est\u00e1 orientado a garantizar la m\u00e1xima protecci\u00f3n ante reclamaciones [&hellip;]<\/p>\n","protected":false},"author":1,"featured_media":0,"parent":0,"menu_order":0,"comment_status":"closed","ping_status":"closed","template":"fullwidth.php","meta":{"footnotes":""},"class_list":["post-235","page","type-page","status-publish","hentry"],"_links":{"self":[{"href":"https:\/\/garciavillullas.com\/index.php?rest_route=\/wp\/v2\/pages\/235","targetHints":{"allow":["GET"]}}],"collection":[{"href":"https:\/\/garciavillullas.com\/index.php?rest_route=\/wp\/v2\/pages"}],"about":[{"href":"https:\/\/garciavillullas.com\/index.php?rest_route=\/wp\/v2\/types\/page"}],"author":[{"embeddable":true,"href":"https:\/\/garciavillullas.com\/index.php?rest_route=\/wp\/v2\/users\/1"}],"replies":[{"embeddable":true,"href":"https:\/\/garciavillullas.com\/index.php?rest_route=%2Fwp%2Fv2%2Fcomments&post=235"}],"version-history":[{"count":11,"href":"https:\/\/garciavillullas.com\/index.php?rest_route=\/wp\/v2\/pages\/235\/revisions"}],"predecessor-version":[{"id":537,"href":"https:\/\/garciavillullas.com\/index.php?rest_route=\/wp\/v2\/pages\/235\/revisions\/537"}],"wp:attachment":[{"href":"https:\/\/garciavillullas.com\/index.php?rest_route=%2Fwp%2Fv2%2Fmedia&parent=235"}],"curies":[{"name":"wp","href":"https:\/\/api.w.org\/{rel}","templated":true}]}}