{"id":240,"date":"2017-08-24T15:25:00","date_gmt":"2017-08-24T15:25:00","guid":{"rendered":"http:\/\/garciavillullas.com\/?page_id=240"},"modified":"2017-10-21T17:01:59","modified_gmt":"2017-10-21T17:01:59","slug":"accidentes-colectivos","status":"publish","type":"page","link":"https:\/\/garciavillullas.com\/?page_id=240","title":{"rendered":"Accidentes Colectivos"},"content":{"rendered":"<p><img loading=\"lazy\" decoding=\"async\" class=\"wp-image-318 aligncenter\" src=\"https:\/\/garciavillullas.com\/wp-content\/uploads\/2017\/08\/Accidentes-Colectivos.jpg\" alt=\"Accidentes Colectivos\" width=\"411\" height=\"274\" srcset=\"https:\/\/garciavillullas.com\/wp-content\/uploads\/2017\/08\/Accidentes-Colectivos.jpg 2480w, https:\/\/garciavillullas.com\/wp-content\/uploads\/2017\/08\/Accidentes-Colectivos-300x200.jpg 300w, https:\/\/garciavillullas.com\/wp-content\/uploads\/2017\/08\/Accidentes-Colectivos-768x512.jpg 768w, https:\/\/garciavillullas.com\/wp-content\/uploads\/2017\/08\/Accidentes-Colectivos-1024x683.jpg 1024w\" sizes=\"auto, (max-width: 411px) 100vw, 411px\" \/><\/p>\n<h2 style=\"text-align: center;\"><strong>ACCIDENTES COLECTIVOS<\/strong><\/h2>\n<p>&nbsp;<\/p>\n<p>Los seguros de Accidentes Colectivos van dirigidos a colectivos de personas, ofreciendo distintas opciones y modalidades de seguro en funci\u00f3n de la actividad y del \u00e1mbito de cobertura de cada colectivo, que se adaptan a las necesidades aseguradoras del Tomador del seguro:<\/p>\n<p>&nbsp;<\/p>\n<p><strong>Cl\u00e1sica: <\/strong>Ofrece \u00a0la \u00a0mayor \u00a0flexibilidad \u00a0para \u00a0adaptar \u00a0el \u00a0seguro \u00a0a \u00a0la \u00a0necesidad \u00a0concreta del colectivo a asegurar.<\/p>\n<p>&nbsp;<\/p>\n<p><strong>Colegios: <\/strong>modalidad orientada para cubrir las necesidades aseguradoras de los centros docentes, tanto para los alumnos matriculados como para el profesorado.<\/p>\n<p>&nbsp;<\/p>\n<p><strong>Seguro Obligatorio de Viajeros: <\/strong>se trata de una modalidad espec\u00edfica orientada a las empresas dedicadas al transporte de viajeros, para cubrir los da\u00f1os de los viajeros en caso de accidente del medio de transporte conforme a lo establecido en el Real Decreto 1575\/1989.<\/p>\n<p>&nbsp;<\/p>\n<p><strong>Seguro Obligatorio Deportivo : <\/strong>se trata de una modalidad espec\u00edfica para cubrir los riesgos derivados de la pr\u00e1ctica deportiva y dirigida a las federaciones deportivas y organizadores de ligas no federadas para cubrir a los deportistas durante la pr\u00e1ctica deportiva conforme a lo establecido en la normativa vigente.<\/p>\n<p>&nbsp;<\/p>\n<p><strong>ONG: <\/strong>es una modalidad espec\u00edfica dirigida a Organizaciones no Gubernamentales para cubrir los riesgos derivados de la actividad del voluntariado, conforme a lo dispuesto en la Ley 45\/2015 del Voluntariado.<\/p>\n<p>&nbsp;<\/p>\n<p>Garant\u00edas que se pueden contratar:<\/p>\n<ul>\n<li>Fallecimiento accidental, Invalidez \u00a0permanente \u00a0seg\u00fan \u00a0baremo,\u00a0\u00a0 \u00a0Incapacidad \u00a0profesional \u00a0total,\u00a0\u00a0\u00a0 Incapacidad profesional absoluta y Gran invalidez.<\/li>\n<\/ul>\n<p>Garant\u00edas COMPLEMENTARIAS<\/p>\n<ul>\n<li>Gastos sanitarios, Asistencia sanitaria, Gastos de estudio, Asistencia en viaje y Doble indemnizaci\u00f3n por accidente de circulaci\u00f3n<\/li>\n<\/ul>\n<p>Cons\u00faltanos<br \/>\n\n<div class=\"wpcf7 no-js\" id=\"wpcf7-f6-o1\" lang=\"es-ES\" dir=\"ltr\" data-wpcf7-id=\"6\">\n<div class=\"screen-reader-response\"><p role=\"status\" aria-live=\"polite\" aria-atomic=\"true\"><\/p> <ul><\/ul><\/div>\n<form action=\"\/index.php?rest_route=%2Fwp%2Fv2%2Fpages%2F240#wpcf7-f6-o1\" method=\"post\" class=\"wpcf7-form init\" aria-label=\"Formulario de contacto\" novalidate=\"novalidate\" data-status=\"init\">\n<fieldset class=\"hidden-fields-container\"><input type=\"hidden\" name=\"_wpcf7\" value=\"6\" \/><input type=\"hidden\" name=\"_wpcf7_version\" value=\"6.1.5\" \/><input type=\"hidden\" name=\"_wpcf7_locale\" value=\"es_ES\" \/><input type=\"hidden\" name=\"_wpcf7_unit_tag\" value=\"wpcf7-f6-o1\" \/><input type=\"hidden\" name=\"_wpcf7_container_post\" value=\"0\" \/><input type=\"hidden\" name=\"_wpcf7_posted_data_hash\" value=\"\" \/><input type=\"hidden\" name=\"_wpcf7_recaptcha_response\" value=\"\" \/>\n<\/fieldset>\n<p><label> Nombre (requerido)<br \/>\n<span class=\"wpcf7-form-control-wrap\" data-name=\"your-name\"><input size=\"40\" maxlength=\"400\" class=\"wpcf7-form-control wpcf7-text wpcf7-validates-as-required\" aria-required=\"true\" aria-invalid=\"false\" value=\"\" type=\"text\" name=\"your-name\" \/><\/span> <\/label>\n<\/p>\n<p><label> Tu correo electr\u00f3nico (requerido)<br \/>\n<span class=\"wpcf7-form-control-wrap\" data-name=\"your-email\"><input size=\"40\" maxlength=\"400\" class=\"wpcf7-form-control wpcf7-email wpcf7-validates-as-required wpcf7-text wpcf7-validates-as-email\" aria-required=\"true\" aria-invalid=\"false\" value=\"\" type=\"email\" name=\"your-email\" \/><\/span> <\/label>\n<\/p>\n<p><label> Mensaje<br \/>\n<span class=\"wpcf7-form-control-wrap\" data-name=\"your-message\"><textarea cols=\"40\" rows=\"10\" maxlength=\"2000\" class=\"wpcf7-form-control wpcf7-textarea\" aria-invalid=\"false\" name=\"your-message\"><\/textarea><\/span> <\/label>\n<\/p>\n<p><input class=\"wpcf7-form-control wpcf7-submit has-spinner\" type=\"submit\" value=\"Enviar\" \/>\n<\/p>\n<p style=\"display: none !important;\" class=\"akismet-fields-container\" data-prefix=\"_wpcf7_ak_\"><label>&#916;<textarea name=\"_wpcf7_ak_hp_textarea\" cols=\"45\" rows=\"8\" maxlength=\"100\"><\/textarea><\/label><input type=\"hidden\" id=\"ak_js_1\" name=\"_wpcf7_ak_js\" value=\"200\"\/><script type=\"text\/javascript\">\n\/* <![CDATA[ *\/\ndocument.getElementById( \"ak_js_1\" ).setAttribute( \"value\", ( new Date() ).getTime() );\n\/* ]]> *\/\n<\/script>\n<\/p><div class=\"wpcf7-response-output\" aria-hidden=\"true\"><\/div>\n<\/form>\n<\/div>\n\n","protected":false},"excerpt":{"rendered":"<p>ACCIDENTES COLECTIVOS &nbsp; Los seguros de Accidentes Colectivos van dirigidos a colectivos de personas, ofreciendo distintas opciones y modalidades de seguro en funci\u00f3n de la actividad y del \u00e1mbito de cobertura de cada colectivo, que se adaptan a las necesidades aseguradoras del Tomador del seguro: &nbsp; Cl\u00e1sica: Ofrece \u00a0la \u00a0mayor \u00a0flexibilidad \u00a0para \u00a0adaptar \u00a0el \u00a0seguro [&hellip;]<\/p>\n","protected":false},"author":1,"featured_media":0,"parent":0,"menu_order":0,"comment_status":"closed","ping_status":"closed","template":"fullwidth.php","meta":{"footnotes":""},"class_list":["post-240","page","type-page","status-publish","hentry"],"_links":{"self":[{"href":"https:\/\/garciavillullas.com\/index.php?rest_route=\/wp\/v2\/pages\/240","targetHints":{"allow":["GET"]}}],"collection":[{"href":"https:\/\/garciavillullas.com\/index.php?rest_route=\/wp\/v2\/pages"}],"about":[{"href":"https:\/\/garciavillullas.com\/index.php?rest_route=\/wp\/v2\/types\/page"}],"author":[{"embeddable":true,"href":"https:\/\/garciavillullas.com\/index.php?rest_route=\/wp\/v2\/users\/1"}],"replies":[{"embeddable":true,"href":"https:\/\/garciavillullas.com\/index.php?rest_route=%2Fwp%2Fv2%2Fcomments&post=240"}],"version-history":[{"count":5,"href":"https:\/\/garciavillullas.com\/index.php?rest_route=\/wp\/v2\/pages\/240\/revisions"}],"predecessor-version":[{"id":518,"href":"https:\/\/garciavillullas.com\/index.php?rest_route=\/wp\/v2\/pages\/240\/revisions\/518"}],"wp:attachment":[{"href":"https:\/\/garciavillullas.com\/index.php?rest_route=%2Fwp%2Fv2%2Fmedia&parent=240"}],"curies":[{"name":"wp","href":"https:\/\/api.w.org\/{rel}","templated":true}]}}